{"id":146,"date":"2020-10-05T12:38:09","date_gmt":"2020-10-05T12:38:09","guid":{"rendered":"https:\/\/antalbcn.com\/?page_id=146"},"modified":"2023-11-30T17:32:28","modified_gmt":"2023-11-30T17:32:28","slug":"services","status":"publish","type":"page","link":"https:\/\/antalbcn.com\/es\/services\/","title":{"rendered":"Oficina t\u00e9cnica"},"content":{"rendered":"<div data-elementor-type=\"wp-page\" data-elementor-id=\"146\" class=\"elementor elementor-146\">\n\t\t\t\t\t\t<div class=\"elementor-inner\">\n\t\t\t\t<div class=\"elementor-section-wrap\">\n\t\t\t\t\t\t\t\t\t<section class=\"elementor-section elementor-top-section elementor-element elementor-element-d3b737e elementor-section-boxed elementor-section-height-default elementor-section-height-default\" data-id=\"d3b737e\" data-element_type=\"section\" data-settings=\"{&quot;background_background&quot;:&quot;classic&quot;}\">\n\t\t\t\t\t\t<div class=\"elementor-container elementor-column-gap-no\">\n\t\t\t\t\t\t\t<div class=\"elementor-row\">\n\t\t\t\t\t<div class=\"aux-parallax-section elementor-column elementor-col-100 elementor-top-column elementor-element elementor-element-993b03a\" data-id=\"993b03a\" data-element_type=\"column\">\n\t\t\t<div class=\"elementor-column-wrap elementor-element-populated\">\n\t\t\t\t\t\t\t<div class=\"elementor-widget-wrap\">\n\t\t\t\t\t\t<div class=\"elementor-element elementor-element-1f4c852 aux-appear-watch-animation aux-scale-down-1 elementor-widget elementor-widget-aux_modern_heading\" data-id=\"1f4c852\" data-element_type=\"widget\" data-widget_type=\"aux_modern_heading.default\">\n\t\t\t\t<div class=\"elementor-widget-container\">\n\t\t\t<section class=\"aux-widget-modern-heading\">\n            <div class=\"aux-widget-inner\"><h5 class=\"aux-modern-heading-primary\">Arquitectura T\u00e9cnica<\/h5><h3 class=\"aux-modern-heading-secondary\"><span class=\"aux-head-before\">Velamos por la salud de tu edificio bien conservado,<\/span><span class=\"aux-head-highlight\"> <br>accessible i adaptat, saludable i segur, sostenible i eficient<\/span><\/h3><div class=\"aux-modern-heading-divider\"><\/div><\/div>\n        <\/section>\t\t<\/div>\n\t\t\t\t<\/div>\n\t\t\t\t\t\t<\/div>\n\t\t\t\t\t<\/div>\n\t\t<\/div>\n\t\t\t\t\t\t\t\t<\/div>\n\t\t\t\t\t<\/div>\n\t\t<\/section>\n\t\t\t\t<section class=\"elementor-section elementor-top-section elementor-element elementor-element-f034bf8 elementor-section-boxed elementor-section-height-default elementor-section-height-default\" data-id=\"f034bf8\" data-element_type=\"section\">\n\t\t\t\t\t\t<div class=\"elementor-container elementor-column-gap-no\">\n\t\t\t\t\t\t\t<div class=\"elementor-row\">\n\t\t\t\t\t<div class=\"aux-parallax-section elementor-column elementor-col-50 elementor-top-column elementor-element elementor-element-3adec99\" data-id=\"3adec99\" data-element_type=\"column\">\n\t\t\t<div class=\"elementor-column-wrap elementor-element-populated\">\n\t\t\t\t\t\t\t<div class=\"elementor-widget-wrap\">\n\t\t\t\t\t\t<div class=\"elementor-element elementor-element-ee7d70a aux-appear-watch-animation aux-scale-down-1 elementor-widget elementor-widget-aux_text\" data-id=\"ee7d70a\" data-element_type=\"widget\" data-widget_type=\"aux_text.default\">\n\t\t\t\t<div class=\"elementor-widget-container\">\n\t\t\t<section class=\"widget-container aux-widget-text aux-parent-auc4aa5777\">        <div class=\"aux-widget-advanced-text aux-wrap-style-simple aux-ico-pos-top aux-text-left aux-text-resp- aux-text-color-dark aux-text-widget-bg-center\" >\n        \n                            <div class=\"aux-text-widget-header\"  >\n                        <div class=\"aux-ico-box aux-ico-large aux-ico-clear\">\n                                                                <svg xmlns=\"http:\/\/www.w3.org\/2000\/svg\" width=\"60.117\" height=\"56.719\" viewbox=\"0 0 60.117 56.719\">\n  <path d=\"M51.211-26.25q-1.172,0-1.172,1.289v22.5H37.5V-18.75h-15V-2.461H9.961V-26.25q0-1.289-1.172-1.289A1.139,1.139,0,0,0,7.5-26.25V0H24.961V-16.289H35.039V0H52.5V-24.961A1.139,1.139,0,0,0,51.211-26.25Zm8.438-2.109L30-56.719.352-28.359a1.146,1.146,0,0,0,0,1.758,1.146,1.146,0,0,0,1.758,0L30-53.32,57.891-26.6a1.124,1.124,0,0,0,.82.352,1.267,1.267,0,0,0,.938-.352A1.146,1.146,0,0,0,59.648-28.359ZM39.961-50.039h7.5v7.5A1.139,1.139,0,0,0,48.75-41.25a1.139,1.139,0,0,0,1.289-1.289V-52.5H39.961q-1.172,0-1.172,1.289A1.036,1.036,0,0,0,39.961-50.039Z\" transform=\"translate(0.059 56.719)\" fill=\"var(--e-global-color-primary)\" \/>\n<\/svg>                                                    <\/div>\n                <\/div>\n            \n            <div class=\"aux-text-inner aux-text-widget-content\">\n                                <h4 class=\"col-title\">CONSERVACI\u00d3N Y MANTENIMIENTO<\/h4>\n                                <div class=\"widget-content\">\n                                        <p>-Planificaci\u00f3n y gesti\u00f3n continuada<br \/>-Inspecci\u00f3 t\u00e8cnica edifici (<strong>ITE<\/strong>)<br \/>-Elaboraci\u00f3 i seguiment <strong>llibre de l'<\/strong><b>edifici<\/b><br \/>-Detecci\u00f3n y seguimiento de deficiencias<br \/>-Asistencia t\u00e9cnica a incidencias edificio<br \/>-Velar por seguridad, salubridad y habitabilidad edificio<\/p><p>-<strong>C\u00e8dules d'Habitabilitat i Certificats Energ\u00e8tics<\/strong><\/p>                <\/div>\n                <button   class=\"aux-button aux-medium aux-black aux-none aux-outline\" ><span class=\"aux-overlay\"><\/span><span class=\"aux-text\"><\/span><span class=\"aux-icon auxicon auxicon-arrow-right-1\"><\/span><\/button>            <\/div>\n        <\/div>\n                    <div class=\"aux-text-widget-footer\">\n                <div class=\"aux-border-shape-none\">\n                                <\/div>\n            <\/div>\n        \n<\/section><!-- widget-container -->\t\t<\/div>\n\t\t\t\t<\/div>\n\t\t\t\t\t\t<\/div>\n\t\t\t\t\t<\/div>\n\t\t<\/div>\n\t\t\t\t<div class=\"aux-parallax-section elementor-column elementor-col-50 elementor-top-column elementor-element elementor-element-fd11c08\" data-id=\"fd11c08\" data-element_type=\"column\">\n\t\t\t<div class=\"elementor-column-wrap elementor-element-populated\">\n\t\t\t\t\t\t\t<div class=\"elementor-widget-wrap\">\n\t\t\t\t\t\t<div class=\"elementor-element elementor-element-2389c7c aux-appear-watch-animation aux-fade-in-right-1 elementor-widget elementor-widget-aux_text\" data-id=\"2389c7c\" data-element_type=\"widget\" data-widget_type=\"aux_text.default\">\n\t\t\t\t<div class=\"elementor-widget-container\">\n\t\t\t<section class=\"widget-container aux-widget-text aux-parent-au1c3e0521\">        <div class=\"aux-widget-advanced-text aux-wrap-style-simple aux-ico-pos-top aux-text-left aux-text-resp- aux-text-color-dark aux-text-widget-bg-center\" >\n        \n                            <div class=\"aux-text-widget-header\"  >\n                        <div class=\"aux-ico-box aux-ico-large aux-ico-clear\">\n                                                                <svg xmlns=\"http:\/\/www.w3.org\/2000\/svg\" width=\"47.461\" height=\"60\" viewbox=\"0 0 47.461 60\">\n  <path d=\"M53.789-60H36.211q-1.172,0-1.172,1.289V-1.289Q35.039,0,36.211,0H53.789q1.172,0,1.172-1.289V-58.711Q54.961-60,53.789-60ZM52.5-2.461h-15v-7.5h5.039v-2.578H37.5v-4.922h5.039v-2.578H37.5v-4.922h5.039v-2.578H37.5v-4.922h5.039v-2.578H37.5v-4.922h5.039v-2.578H37.5v-4.922h5.039v-2.578H37.5v-7.5h15ZM17.344-56.953a1.234,1.234,0,0,0-1.055-.469,1.234,1.234,0,0,0-1.055.469L7.734-45.7A1.8,1.8,0,0,0,7.5-45V-8.789A6.182,6.182,0,0,0,9.316-4.336a5.893,5.893,0,0,0,4.395,1.875H18.75a5.893,5.893,0,0,0,4.395-1.875,6.182,6.182,0,0,0,1.816-4.453V-45a1.632,1.632,0,0,0-.117-.7ZM16.289-40.43a5.027,5.027,0,0,0,1.172.938v22.031H15V-39.492A4.946,4.946,0,0,0,16.289-40.43Zm-3.75,22.969H9.961V-39.492a5.342,5.342,0,0,0,2.578.7ZM9.961-15H22.5v2.461H9.961Zm10.078-2.461V-38.789a4.332,4.332,0,0,0,2.461-.7v22.031Zm-3.75-36.562,1.758,2.813H14.414ZM9.961-44.648l2.813-4.1H19.8l2.7,4.1v.938a2.353,2.353,0,0,1-.762,1.7,2.353,2.353,0,0,1-1.7.762,2.48,2.48,0,0,1-1.816-.762,2.353,2.353,0,0,1-.762-1.7Q17.461-45,16.289-45A1.139,1.139,0,0,0,15-43.711a2.353,2.353,0,0,1-.762,1.7,2.353,2.353,0,0,1-1.7.762,2.48,2.48,0,0,1-1.816-.762,2.353,2.353,0,0,1-.762-1.7ZM18.75-5.039H13.711a3.6,3.6,0,0,1-2.637-1.113A3.6,3.6,0,0,1,9.961-8.789V-9.961H22.5v1.172a3.7,3.7,0,0,1-1.055,2.637A3.55,3.55,0,0,1,18.75-5.039Z\" transform=\"translate(-7.5 60)\" fill=\"var(--e-global-color-primary)\" \/>\n<\/svg>                                                    <\/div>\n                <\/div>\n            \n            <div class=\"aux-text-inner aux-text-widget-content\">\n                                <h4 class=\"col-title\">RENOVACI\u00d3N Y REHABILITACI\u00d3N<\/h4>\n                                <div class=\"widget-content\">\n                                        <p>-Projecte rehabilitaci\u00f3 edifici<br \/>-Dirigir obras rehabilitaci\u00f3n<br \/>-Gestionar y coordinar obras<br \/>-Coordinar la seguridad y salud durante ejecuci\u00f3n<\/p>                <\/div>\n                <button   class=\"aux-button aux-medium aux-black aux-none aux-outline\" ><span class=\"aux-overlay\"><\/span><span class=\"aux-text\"><\/span><span class=\"aux-icon auxicon auxicon-arrow-right-1\"><\/span><\/button>            <\/div>\n        <\/div>\n                    <div class=\"aux-text-widget-footer\">\n                <div class=\"aux-border-shape-none\">\n                                <\/div>\n            <\/div>\n        \n<\/section><!-- widget-container -->\t\t<\/div>\n\t\t\t\t<\/div>\n\t\t\t\t\t\t<\/div>\n\t\t\t\t\t<\/div>\n\t\t<\/div>\n\t\t\t\t\t\t\t\t<\/div>\n\t\t\t\t\t<\/div>\n\t\t<\/section>\n\t\t\t\t<section class=\"elementor-section elementor-top-section elementor-element elementor-element-b7e5675 elementor-section-boxed elementor-section-height-default elementor-section-height-default\" data-id=\"b7e5675\" data-element_type=\"section\">\n\t\t\t\t\t\t<div class=\"elementor-container elementor-column-gap-no\">\n\t\t\t\t\t\t\t<div class=\"elementor-row\">\n\t\t\t\t\t<div class=\"aux-parallax-section elementor-column elementor-col-50 elementor-top-column elementor-element elementor-element-3b17c2a\" data-id=\"3b17c2a\" data-element_type=\"column\">\n\t\t\t<div class=\"elementor-column-wrap elementor-element-populated\">\n\t\t\t\t\t\t\t<div class=\"elementor-widget-wrap\">\n\t\t\t\t\t\t<div class=\"elementor-element elementor-element-73cd13f aux-appear-watch-animation aux-scale-down-1 elementor-widget elementor-widget-aux_text\" data-id=\"73cd13f\" data-element_type=\"widget\" data-widget_type=\"aux_text.default\">\n\t\t\t\t<div class=\"elementor-widget-container\">\n\t\t\t<section class=\"widget-container aux-widget-text aux-parent-au9ac6e71f\">        <div class=\"aux-widget-advanced-text aux-wrap-style-simple aux-ico-pos-top aux-text-left aux-text-resp- aux-text-color-dark aux-text-widget-bg-center\" >\n        \n                            <div class=\"aux-text-widget-header\"  >\n                        <div class=\"aux-ico-box aux-ico-large aux-ico-clear\">\n                                                                <svg xmlns=\"http:\/\/www.w3.org\/2000\/svg\" width=\"60.117\" height=\"56.719\" viewbox=\"0 0 60.117 56.719\">\n  <path d=\"M51.211-26.25q-1.172,0-1.172,1.289v22.5H37.5V-18.75h-15V-2.461H9.961V-26.25q0-1.289-1.172-1.289A1.139,1.139,0,0,0,7.5-26.25V0H24.961V-16.289H35.039V0H52.5V-24.961A1.139,1.139,0,0,0,51.211-26.25Zm8.438-2.109L30-56.719.352-28.359a1.146,1.146,0,0,0,0,1.758,1.146,1.146,0,0,0,1.758,0L30-53.32,57.891-26.6a1.124,1.124,0,0,0,.82.352,1.267,1.267,0,0,0,.938-.352A1.146,1.146,0,0,0,59.648-28.359ZM39.961-50.039h7.5v7.5A1.139,1.139,0,0,0,48.75-41.25a1.139,1.139,0,0,0,1.289-1.289V-52.5H39.961q-1.172,0-1.172,1.289A1.036,1.036,0,0,0,39.961-50.039Z\" transform=\"translate(0.059 56.719)\" fill=\"var(--e-global-color-primary)\" \/>\n<\/svg>                                                    <\/div>\n                <\/div>\n            \n            <div class=\"aux-text-inner aux-text-widget-content\">\n                                <h4 class=\"col-title\">CONSULTOR\u00cdA Y MANAGEMENT<\/h4>\n                                <div class=\"widget-content\">\n                                        -Asesoramiento y consultor\u00eda en la programaci\u00f3n<br>\n-Estudio y an\u00e1lisis de las intervenciones<br>\n-Mejora eficiencia energ\u00e9tica<br>\n-Sensibilizaci\u00f3n propietarios hacia la conservaci\u00f3n<br>\n-Mediar para facilitar informaci\u00f3n y asesorar en toma decisiones comunitarias                <\/div>\n                <button   class=\"aux-button aux-medium aux-black aux-none aux-outline\" ><span class=\"aux-overlay\"><\/span><span class=\"aux-text\"><\/span><span class=\"aux-icon auxicon auxicon-arrow-right-1\"><\/span><\/button>            <\/div>\n        <\/div>\n                    <div class=\"aux-text-widget-footer\">\n                <div class=\"aux-border-shape-none\">\n                                <\/div>\n            <\/div>\n        \n<\/section><!-- widget-container -->\t\t<\/div>\n\t\t\t\t<\/div>\n\t\t\t\t\t\t<\/div>\n\t\t\t\t\t<\/div>\n\t\t<\/div>\n\t\t\t\t<div class=\"aux-parallax-section elementor-column elementor-col-50 elementor-top-column elementor-element elementor-element-e797eb5\" data-id=\"e797eb5\" data-element_type=\"column\">\n\t\t\t<div class=\"elementor-column-wrap elementor-element-populated\">\n\t\t\t\t\t\t\t<div class=\"elementor-widget-wrap\">\n\t\t\t\t\t\t<div class=\"elementor-element elementor-element-dc269e7 aux-appear-watch-animation aux-scale-down-1 elementor-widget elementor-widget-aux_text\" data-id=\"dc269e7\" data-element_type=\"widget\" data-widget_type=\"aux_text.default\">\n\t\t\t\t<div class=\"elementor-widget-container\">\n\t\t\t<section class=\"widget-container aux-widget-text aux-parent-au1002bdea\">        <div class=\"aux-widget-advanced-text aux-wrap-style-simple aux-ico-pos-top aux-text-left aux-text-resp- aux-text-color-dark aux-text-widget-bg-center\" >\n        \n                            <div class=\"aux-text-widget-header\"  >\n                        <div class=\"aux-ico-box aux-ico-large aux-img-box aux-ico-shape-default aux-ico-clear\">\n                                                                <img loading=\"lazy\" decoding=\"async\" width=\"60\" height=\"60\" src=\"https:\/\/antalbcn.com\/wp-content\/uploads\/2023\/11\/Captura-de-Pantalla-2023-11-22-a-las-23.25.02-60x60.png\" class=\"aux-attachment aux-featured-image aux-attachment-id-604\" alt=\"Captura de Pantalla 2023-11-22 a las 23.25.02\" srcset=\"https:\/\/antalbcn.com\/wp-content\/uploads\/2023\/11\/Captura-de-Pantalla-2023-11-22-a-las-23.25.02-150x150.png 150w,https:\/\/antalbcn.com\/wp-content\/uploads\/2023\/11\/Captura-de-Pantalla-2023-11-22-a-las-23.25.02-60x60.png 60w\" data-ratio=\"1\" data-original-w=\"198\" \/>                                                    <\/div>\n                <\/div>\n            \n            <div class=\"aux-text-inner aux-text-widget-content\">\n                                <h4 class=\"col-title\">T\u00c8CNIC DE CAP\u00c7ALERA<\/h4>\n                                <div class=\"widget-content\">\n                                        <strong>Deixa\u2019ns ser el teu T\u00c8CNIC DE CAP\u00c7ALERA i estar sempre al teu costat.<\/strong>\n<br>La contractaci\u00f3 d\u2019un arquitecte t\u00e8cnic de cap\u00e7alera et garanteix un diagn\u00f2stic encertat de la salut del teu edifici i \u00e9s la millor mesura d\u2019estalvi i de sostenibilitat ambiental.\nT\u2019assessorar\u00e0 permanentment en qualsevol consulta, et donar\u00e0 una estimaci\u00f3 dels costos i et far\u00e0 una planificaci\u00f3 i execuci\u00f3 correcta. Tamb\u00e9 t\u2019assessorar\u00e0 en l\u2019acc\u00e9s\na ajuts i subvencions p\u00fabliques en obres de rehabilitaci\u00f3.                <\/div>\n                <button   class=\"aux-button aux-medium aux-black aux-none aux-outline\" ><span class=\"aux-overlay\"><\/span><span class=\"aux-text\"><\/span><span class=\"aux-icon auxicon auxicon-arrow-right-1\"><\/span><\/button>            <\/div>\n        <\/div>\n                    <div class=\"aux-text-widget-footer\">\n                <div class=\"aux-border-shape-none\">\n                                <\/div>\n            <\/div>\n        \n<\/section><!-- widget-container -->\t\t<\/div>\n\t\t\t\t<\/div>\n\t\t\t\t\t\t<\/div>\n\t\t\t\t\t<\/div>\n\t\t<\/div>\n\t\t\t\t\t\t\t\t<\/div>\n\t\t\t\t\t<\/div>\n\t\t<\/section>\n\t\t\t\t\t\t\t\t\t<\/div>\n\t\t\t<\/div>\n\t\t\t\t\t<\/div>","protected":false},"excerpt":{"rendered":"<p>Arquitectura T\u00e9cnica Vetllem per la salut del teu edifici ben conservat, accessible i adaptat, saludable i segur, sostenible i eficient CONSERVACI\u00d3 I MANTENIMENT -Planificaci\u00f3 i gesti\u00f3 continuada-Inspecci\u00f3 t\u00e8cnica edifici (ITE)-Elaboraci\u00f3 i seguiment llibre de l&#8217;edifici-Detecci\u00f3 i seguiment de defici\u00e8ncies-Assist\u00e8ncia t\u00e8cnica a incid\u00e8ncies edifici-Vetllar per seguretat, salubritat i habitabilitat edifici &#8211;C\u00e8dules d&#8217;Habitabilitat i Certificats Energ\u00e8tics RENOVACI\u00d3 [&hellip;]<\/p>","protected":false},"author":1,"featured_media":0,"parent":0,"menu_order":0,"comment_status":"closed","ping_status":"closed","template":"templates\/page-builder-content.php","meta":{"footnotes":""},"class_list":["post-146","page","type-page","status-publish","hentry"],"yoast_head":"<!-- This site is optimized with the Yoast SEO plugin v20.10 - https:\/\/yoast.com\/wordpress\/plugins\/seo\/ -->\n<title>Oficina t\u00e8cnica - Antal rehabilitaci\u00f3 i Arquitectura t\u00e9cnica<\/title>\n<meta name=\"robots\" content=\"index, follow, max-snippet:-1, max-image-preview:large, max-video-preview:-1\" \/>\n<link rel=\"canonical\" href=\"https:\/\/antalbcn.com\/es\/services\/\" \/>\n<meta property=\"og:locale\" content=\"es_ES\" \/>\n<meta property=\"og:type\" content=\"article\" \/>\n<meta property=\"og:title\" content=\"Oficina t\u00e8cnica - Antal rehabilitaci\u00f3 i Arquitectura t\u00e9cnica\" \/>\n<meta property=\"og:description\" content=\"Arquitectura T\u00e9cnica Vetllem per la salut del teu edifici ben conservat, accessible i adaptat, saludable i segur, sostenible i eficient CONSERVACI\u00d3 I MANTENIMENT -Planificaci\u00f3 i gesti\u00f3 continuada-Inspecci\u00f3 t\u00e8cnica edifici (ITE)-Elaboraci\u00f3 i seguiment llibre de l&#8217;edifici-Detecci\u00f3 i seguiment de defici\u00e8ncies-Assist\u00e8ncia t\u00e8cnica a incid\u00e8ncies edifici-Vetllar per seguretat, salubritat i habitabilitat edifici &#8211;C\u00e8dules d&#8217;Habitabilitat i Certificats Energ\u00e8tics RENOVACI\u00d3 [&hellip;]\" \/>\n<meta property=\"og:url\" content=\"https:\/\/antalbcn.com\/es\/services\/\" \/>\n<meta property=\"og:site_name\" content=\"Antal rehabilitaci\u00f3 i Arquitectura t\u00e9cnica\" \/>\n<meta property=\"article:modified_time\" content=\"2023-11-30T17:32:28+00:00\" \/>\n<meta property=\"og:image\" content=\"https:\/\/antalbcn.com\/wp-content\/uploads\/2023\/11\/Captura-de-Pantalla-2023-11-22-a-las-23.25.02-60x60.png\" \/>\n<meta name=\"twitter:card\" content=\"summary_large_image\" \/>\n<meta name=\"twitter:label1\" content=\"Tiempo de lectura\" \/>\n\t<meta name=\"twitter:data1\" content=\"2 minutos\" \/>\n<script type=\"application\/ld+json\" class=\"yoast-schema-graph\">{\"@context\":\"https:\/\/schema.org\",\"@graph\":[{\"@type\":\"WebPage\",\"@id\":\"https:\/\/antalbcn.com\/services\/\",\"url\":\"https:\/\/antalbcn.com\/services\/\",\"name\":\"Oficina t\u00e8cnica - Antal rehabilitaci\u00f3 i Arquitectura t\u00e9cnica\",\"isPartOf\":{\"@id\":\"https:\/\/antalbcn.com\/#website\"},\"datePublished\":\"2020-10-05T12:38:09+00:00\",\"dateModified\":\"2023-11-30T17:32:28+00:00\",\"breadcrumb\":{\"@id\":\"https:\/\/antalbcn.com\/services\/#breadcrumb\"},\"inLanguage\":\"es\",\"potentialAction\":[{\"@type\":\"ReadAction\",\"target\":[\"https:\/\/antalbcn.com\/services\/\"]}]},{\"@type\":\"BreadcrumbList\",\"@id\":\"https:\/\/antalbcn.com\/services\/#breadcrumb\",\"itemListElement\":[{\"@type\":\"ListItem\",\"position\":1,\"name\":\"Portada\",\"item\":\"https:\/\/antalbcn.com\/\"},{\"@type\":\"ListItem\",\"position\":2,\"name\":\"Oficina t\u00e8cnica\"}]},{\"@type\":\"WebSite\",\"@id\":\"https:\/\/antalbcn.com\/#website\",\"url\":\"https:\/\/antalbcn.com\/\",\"name\":\"Antal rehabilitaci\u00f3 i Arquitectura t\u00e9cnica\",\"description\":\"Projectes, Solucions Constructives , Arquitectura T\u00e8cnica ,ITE, Subvencions\",\"publisher\":{\"@id\":\"https:\/\/antalbcn.com\/#organization\"},\"potentialAction\":[{\"@type\":\"SearchAction\",\"target\":{\"@type\":\"EntryPoint\",\"urlTemplate\":\"https:\/\/antalbcn.com\/?s={search_term_string}\"},\"query-input\":\"required name=search_term_string\"}],\"inLanguage\":\"es\"},{\"@type\":\"Organization\",\"@id\":\"https:\/\/antalbcn.com\/#organization\",\"name\":\"Antal rehabilitaci\u00f3 i Arquitectura t\u00e9cnica\",\"url\":\"https:\/\/antalbcn.com\/\",\"logo\":{\"@type\":\"ImageObject\",\"inLanguage\":\"es\",\"@id\":\"https:\/\/antalbcn.com\/#\/schema\/logo\/image\/\",\"url\":\"https:\/\/antalbcn.com\/wp-content\/uploads\/2023\/06\/pp.png\",\"contentUrl\":\"https:\/\/antalbcn.com\/wp-content\/uploads\/2023\/06\/pp.png\",\"width\":913,\"height\":100,\"caption\":\"Antal rehabilitaci\u00f3 i Arquitectura t\u00e9cnica\"},\"image\":{\"@id\":\"https:\/\/antalbcn.com\/#\/schema\/logo\/image\/\"}}]}<\/script>\n<!-- \/ Yoast SEO plugin. -->","yoast_head_json":{"title":"Oficina t\u00e8cnica - Antal rehabilitaci\u00f3 i Arquitectura t\u00e9cnica","robots":{"index":"index","follow":"follow","max-snippet":"max-snippet:-1","max-image-preview":"max-image-preview:large","max-video-preview":"max-video-preview:-1"},"canonical":"https:\/\/antalbcn.com\/es\/services\/","og_locale":"es_ES","og_type":"article","og_title":"Oficina t\u00e8cnica - Antal rehabilitaci\u00f3 i Arquitectura t\u00e9cnica","og_description":"Arquitectura T\u00e9cnica Vetllem per la salut del teu edifici ben conservat, accessible i adaptat, saludable i segur, sostenible i eficient CONSERVACI\u00d3 I MANTENIMENT -Planificaci\u00f3 i gesti\u00f3 continuada-Inspecci\u00f3 t\u00e8cnica edifici (ITE)-Elaboraci\u00f3 i seguiment llibre de l&#8217;edifici-Detecci\u00f3 i seguiment de defici\u00e8ncies-Assist\u00e8ncia t\u00e8cnica a incid\u00e8ncies edifici-Vetllar per seguretat, salubritat i habitabilitat edifici &#8211;C\u00e8dules d&#8217;Habitabilitat i Certificats Energ\u00e8tics RENOVACI\u00d3 [&hellip;]","og_url":"https:\/\/antalbcn.com\/es\/services\/","og_site_name":"Antal rehabilitaci\u00f3 i Arquitectura t\u00e9cnica","article_modified_time":"2023-11-30T17:32:28+00:00","og_image":[{"url":"https:\/\/antalbcn.com\/wp-content\/uploads\/2023\/11\/Captura-de-Pantalla-2023-11-22-a-las-23.25.02-60x60.png"}],"twitter_card":"summary_large_image","twitter_misc":{"Tiempo de lectura":"2 minutos"},"schema":{"@context":"https:\/\/schema.org","@graph":[{"@type":"WebPage","@id":"https:\/\/antalbcn.com\/services\/","url":"https:\/\/antalbcn.com\/services\/","name":"Oficina t\u00e8cnica - Antal rehabilitaci\u00f3 i Arquitectura t\u00e9cnica","isPartOf":{"@id":"https:\/\/antalbcn.com\/#website"},"datePublished":"2020-10-05T12:38:09+00:00","dateModified":"2023-11-30T17:32:28+00:00","breadcrumb":{"@id":"https:\/\/antalbcn.com\/services\/#breadcrumb"},"inLanguage":"es","potentialAction":[{"@type":"ReadAction","target":["https:\/\/antalbcn.com\/services\/"]}]},{"@type":"BreadcrumbList","@id":"https:\/\/antalbcn.com\/services\/#breadcrumb","itemListElement":[{"@type":"ListItem","position":1,"name":"Portada","item":"https:\/\/antalbcn.com\/"},{"@type":"ListItem","position":2,"name":"Oficina t\u00e8cnica"}]},{"@type":"WebSite","@id":"https:\/\/antalbcn.com\/#website","url":"https:\/\/antalbcn.com\/","name":"Antal rehabilitaci\u00f3 i Arquitectura t\u00e9cnica","description":"Projectes, Solucions Constructives , Arquitectura T\u00e8cnica ,ITE, Subvencions","publisher":{"@id":"https:\/\/antalbcn.com\/#organization"},"potentialAction":[{"@type":"SearchAction","target":{"@type":"EntryPoint","urlTemplate":"https:\/\/antalbcn.com\/?s={search_term_string}"},"query-input":"required name=search_term_string"}],"inLanguage":"es"},{"@type":"Organization","@id":"https:\/\/antalbcn.com\/#organization","name":"Antal rehabilitaci\u00f3 i Arquitectura t\u00e9cnica","url":"https:\/\/antalbcn.com\/","logo":{"@type":"ImageObject","inLanguage":"es","@id":"https:\/\/antalbcn.com\/#\/schema\/logo\/image\/","url":"https:\/\/antalbcn.com\/wp-content\/uploads\/2023\/06\/pp.png","contentUrl":"https:\/\/antalbcn.com\/wp-content\/uploads\/2023\/06\/pp.png","width":913,"height":100,"caption":"Antal rehabilitaci\u00f3 i Arquitectura t\u00e9cnica"},"image":{"@id":"https:\/\/antalbcn.com\/#\/schema\/logo\/image\/"}}]}},"_links":{"self":[{"href":"https:\/\/antalbcn.com\/es\/wp-json\/wp\/v2\/pages\/146","targetHints":{"allow":["GET"]}}],"collection":[{"href":"https:\/\/antalbcn.com\/es\/wp-json\/wp\/v2\/pages"}],"about":[{"href":"https:\/\/antalbcn.com\/es\/wp-json\/wp\/v2\/types\/page"}],"author":[{"embeddable":true,"href":"https:\/\/antalbcn.com\/es\/wp-json\/wp\/v2\/users\/1"}],"replies":[{"embeddable":true,"href":"https:\/\/antalbcn.com\/es\/wp-json\/wp\/v2\/comments?post=146"}],"version-history":[{"count":38,"href":"https:\/\/antalbcn.com\/es\/wp-json\/wp\/v2\/pages\/146\/revisions"}],"predecessor-version":[{"id":755,"href":"https:\/\/antalbcn.com\/es\/wp-json\/wp\/v2\/pages\/146\/revisions\/755"}],"wp:attachment":[{"href":"https:\/\/antalbcn.com\/es\/wp-json\/wp\/v2\/media?parent=146"}],"curies":[{"name":"wp","href":"https:\/\/api.w.org\/{rel}","templated":true}]}}