{"id":148,"date":"2020-10-05T12:37:28","date_gmt":"2020-10-05T12:37:28","guid":{"rendered":"https:\/\/antalbcn.com\/?page_id=148"},"modified":"2023-11-30T19:41:47","modified_gmt":"2023-11-30T19:41:47","slug":"project","status":"publish","type":"page","link":"https:\/\/antalbcn.com\/es\/project\/","title":{"rendered":"Proyectos"},"content":{"rendered":"<div data-elementor-type=\"wp-page\" data-elementor-id=\"148\" class=\"elementor elementor-148\">\n\t\t\t\t\t\t<div class=\"elementor-inner\">\n\t\t\t\t<div class=\"elementor-section-wrap\">\n\t\t\t\t\t\t\t\t\t<section class=\"elementor-section elementor-top-section elementor-element elementor-element-ca96cdd elementor-section-boxed elementor-section-height-default elementor-section-height-default\" data-id=\"ca96cdd\" data-element_type=\"section\">\n\t\t\t\t\t\t<div class=\"elementor-container elementor-column-gap-no\">\n\t\t\t\t\t\t\t<div class=\"elementor-row\">\n\t\t\t\t\t<div class=\"aux-parallax-section elementor-column elementor-col-100 elementor-top-column elementor-element elementor-element-b0c5a6a\" data-id=\"b0c5a6a\" data-element_type=\"column\">\n\t\t\t<div class=\"elementor-column-wrap elementor-element-populated\">\n\t\t\t\t\t\t\t<div class=\"elementor-widget-wrap\">\n\t\t\t\t\t\t<section class=\"elementor-section elementor-inner-section elementor-element elementor-element-318d61b elementor-section-content-middle elementor-section-boxed elementor-section-height-default elementor-section-height-default\" data-id=\"318d61b\" data-element_type=\"section\">\n\t\t\t\t\t\t<div class=\"elementor-container elementor-column-gap-no\">\n\t\t\t\t\t\t\t<div class=\"elementor-row\">\n\t\t\t\t\t<div class=\"aux-parallax-section elementor-column elementor-col-50 elementor-inner-column elementor-element elementor-element-4bd2612\" data-id=\"4bd2612\" data-element_type=\"column\">\n\t\t\t<div class=\"elementor-column-wrap elementor-element-populated\">\n\t\t\t\t\t\t\t<div class=\"elementor-widget-wrap\">\n\t\t\t\t\t\t<div class=\"elementor-element elementor-element-82bf8b8 aux-appear-watch-animation aux-fade-in-right-1 elementor-widget elementor-widget-aux_modern_heading\" data-id=\"82bf8b8\" data-element_type=\"widget\" data-widget_type=\"aux_modern_heading.default\">\n\t\t\t\t<div class=\"elementor-widget-container\">\n\t\t\t<section class=\"aux-widget-modern-heading\">\n            <div class=\"aux-widget-inner\"><h5 class=\"aux-modern-heading-primary\">Proyectos<\/h5><h3 class=\"aux-modern-heading-secondary\"><span class=\"aux-head-before\">Revaloriza tu vivienda <br><\/span><span class=\"aux-head-highlight\">con estudios de mejora<\/span><\/h3><\/div>\n        <\/section>\t\t<\/div>\n\t\t\t\t<\/div>\n\t\t\t\t<div class=\"elementor-element elementor-element-d23831d aux-appear-watch-animation aux-fade-in-left-1 elementor-widget elementor-widget-aux_modern_heading\" data-id=\"d23831d\" data-element_type=\"widget\" data-widget_type=\"aux_modern_heading.default\">\n\t\t\t\t<div class=\"elementor-widget-container\">\n\t\t\t<section class=\"aux-widget-modern-heading\">\n            <div class=\"aux-widget-inner\"><h2 class=\"aux-modern-heading-primary\"><\/h2><\/div>\n        <\/section>\t\t<\/div>\n\t\t\t\t<\/div>\n\t\t\t\t\t\t<\/div>\n\t\t\t\t\t<\/div>\n\t\t<\/div>\n\t\t\t\t<div class=\"aux-parallax-section elementor-column elementor-col-50 elementor-inner-column elementor-element elementor-element-fdbc34f\" data-id=\"fdbc34f\" data-element_type=\"column\">\n\t\t\t<div class=\"elementor-column-wrap elementor-element-populated\">\n\t\t\t\t\t\t\t<div class=\"elementor-widget-wrap\">\n\t\t\t\t\t\t<div class=\"elementor-element elementor-element-0d51ca8 elementor-arrows-position-inside elementor-pagination-position-outside elementor-widget elementor-widget-image-carousel\" data-id=\"0d51ca8\" data-element_type=\"widget\" data-settings=\"{&quot;slides_to_show&quot;:&quot;1&quot;,&quot;navigation&quot;:&quot;both&quot;,&quot;autoplay&quot;:&quot;yes&quot;,&quot;pause_on_hover&quot;:&quot;yes&quot;,&quot;pause_on_interaction&quot;:&quot;yes&quot;,&quot;autoplay_speed&quot;:5000,&quot;infinite&quot;:&quot;yes&quot;,&quot;effect&quot;:&quot;slide&quot;,&quot;speed&quot;:500}\" data-widget_type=\"image-carousel.default\">\n\t\t\t\t<div class=\"elementor-widget-container\">\n\t\t\t\t\t<div class=\"elementor-image-carousel-wrapper swiper-container\" dir=\"ltr\">\n\t\t\t<div class=\"elementor-image-carousel swiper-wrapper\">\n\t\t\t\t\t\t\t\t<div class=\"swiper-slide\"><figure class=\"swiper-slide-inner\"><img decoding=\"async\" class=\"swiper-slide-image\" src=\"https:\/\/antalbcn.com\/wp-content\/uploads\/2023\/11\/20201012_164129-1024x1024.jpg\" alt=\"20201012_164129\" \/><\/figure><\/div><div class=\"swiper-slide\"><figure class=\"swiper-slide-inner\"><img decoding=\"async\" class=\"swiper-slide-image\" src=\"https:\/\/antalbcn.com\/wp-content\/uploads\/2023\/11\/2020-12-06-02.16.45.jpg\" alt=\"2020-12-06 02.16.45\" \/><\/figure><\/div><div class=\"swiper-slide\"><figure class=\"swiper-slide-inner\"><img decoding=\"async\" class=\"swiper-slide-image\" src=\"https:\/\/antalbcn.com\/wp-content\/uploads\/2023\/11\/2020-02-25-11.39.31-1024x1024.jpg\" alt=\"2020-02-25 11.39.31\" \/><\/figure><\/div><div class=\"swiper-slide\"><figure class=\"swiper-slide-inner\"><img decoding=\"async\" class=\"swiper-slide-image\" src=\"https:\/\/antalbcn.com\/wp-content\/uploads\/2023\/11\/2020-12-06-00.15.00-1024x1024.jpg\" alt=\"2020-12-06 00.15.00\" \/><\/figure><\/div><div class=\"swiper-slide\"><figure class=\"swiper-slide-inner\"><img decoding=\"async\" class=\"swiper-slide-image\" src=\"https:\/\/antalbcn.com\/wp-content\/uploads\/2023\/11\/76-1024x1024.jpg\" alt=\"76\" \/><\/figure><\/div><div class=\"swiper-slide\"><figure class=\"swiper-slide-inner\"><img decoding=\"async\" class=\"swiper-slide-image\" src=\"https:\/\/antalbcn.com\/wp-content\/uploads\/2023\/06\/b2lEODcA-1024x1024.jpg\" alt=\"b2lEODcA\" \/><\/figure><\/div><div class=\"swiper-slide\"><figure class=\"swiper-slide-inner\"><img decoding=\"async\" class=\"swiper-slide-image\" src=\"https:\/\/antalbcn.com\/wp-content\/uploads\/2023\/11\/2020-12-06-02.01.11-1024x1024.jpg\" alt=\"2020-12-06 02.01.11\" \/><\/figure><\/div><div class=\"swiper-slide\"><figure class=\"swiper-slide-inner\"><img decoding=\"async\" class=\"swiper-slide-image\" src=\"https:\/\/antalbcn.com\/wp-content\/uploads\/2023\/11\/2020-12-20-03.12.22.jpg\" alt=\"2020-12-20 03.12.22\" \/><\/figure><\/div><div class=\"swiper-slide\"><figure class=\"swiper-slide-inner\"><img decoding=\"async\" class=\"swiper-slide-image\" src=\"https:\/\/antalbcn.com\/wp-content\/uploads\/2023\/11\/2021-02-07-13.23.42-1024x1024.jpg\" alt=\"2021-02-07 13.23.42\" \/><\/figure><\/div><div class=\"swiper-slide\"><figure class=\"swiper-slide-inner\"><img decoding=\"async\" class=\"swiper-slide-image\" src=\"https:\/\/antalbcn.com\/wp-content\/uploads\/2023\/11\/2017-1024x1024.jpg\" alt=\"2017\" \/><\/figure><\/div><div class=\"swiper-slide\"><figure class=\"swiper-slide-inner\"><img decoding=\"async\" class=\"swiper-slide-image\" src=\"https:\/\/antalbcn.com\/wp-content\/uploads\/2023\/11\/29d754b365f0aad71c1ec4f6b686a35b.jpg\" alt=\"29d754b365f0aad71c1ec4f6b686a35b\" \/><\/figure><\/div><div class=\"swiper-slide\"><figure class=\"swiper-slide-inner\"><img decoding=\"async\" class=\"swiper-slide-image\" src=\"https:\/\/antalbcn.com\/wp-content\/uploads\/2023\/11\/20210207_131651-1024x1024.jpg\" alt=\"20210207_131651\" \/><\/figure><\/div><div class=\"swiper-slide\"><figure class=\"swiper-slide-inner\"><img decoding=\"async\" class=\"swiper-slide-image\" src=\"https:\/\/antalbcn.com\/wp-content\/uploads\/2023\/11\/2021-02-06-20.56.20-1-1024x1024.jpg\" alt=\"2021-02-06 20.56.20-1\" \/><\/figure><\/div><div class=\"swiper-slide\"><figure class=\"swiper-slide-inner\"><img decoding=\"async\" class=\"swiper-slide-image\" src=\"https:\/\/antalbcn.com\/wp-content\/uploads\/2023\/11\/IMG_20200309_031557_257-1024x1024.jpg\" alt=\"IMG_20200309_031557_257\" \/><\/figure><\/div><div class=\"swiper-slide\"><figure class=\"swiper-slide-inner\"><img decoding=\"async\" class=\"swiper-slide-image\" src=\"https:\/\/antalbcn.com\/wp-content\/uploads\/2023\/11\/2020-12-05-23.41.24-1024x1024.jpg\" alt=\"2020-12-05 23.41.24\" \/><\/figure><\/div>\t\t\t<\/div>\n\t\t\t\t\t\t\t\t\t\t\t\t<div class=\"swiper-pagination\"><\/div>\n\t\t\t\t\t\t\t\t\t\t\t\t\t<div class=\"elementor-swiper-button elementor-swiper-button-prev\">\n\t\t\t\t\t\t<i aria-hidden=\"true\" class=\"eicon-chevron-left\"><\/i>\t\t\t\t\t\t<span class=\"elementor-screen-only\">Anterior<\/span>\n\t\t\t\t\t<\/div>\n\t\t\t\t\t<div class=\"elementor-swiper-button elementor-swiper-button-next\">\n\t\t\t\t\t\t<i aria-hidden=\"true\" class=\"eicon-chevron-right\"><\/i>\t\t\t\t\t\t<span class=\"elementor-screen-only\">Siguiente<\/span>\n\t\t\t\t\t<\/div>\n\t\t\t\t\t\t\t\t\t<\/div>\n\t\t\t\t<\/div>\n\t\t\t\t<\/div>\n\t\t\t\t\t\t<\/div>\n\t\t\t\t\t<\/div>\n\t\t<\/div>\n\t\t\t\t\t\t\t\t<\/div>\n\t\t\t\t\t<\/div>\n\t\t<\/section>\n\t\t\t\t\t\t<\/div>\n\t\t\t\t\t<\/div>\n\t\t<\/div>\n\t\t\t\t\t\t\t\t<\/div>\n\t\t\t\t\t<\/div>\n\t\t<\/section>\n\t\t\t\t<section class=\"elementor-section elementor-top-section elementor-element elementor-element-e702fc7 elementor-section-boxed elementor-section-height-default elementor-section-height-default\" data-id=\"e702fc7\" data-element_type=\"section\">\n\t\t\t\t\t\t<div class=\"elementor-container elementor-column-gap-no\">\n\t\t\t\t\t\t\t<div class=\"elementor-row\">\n\t\t\t\t\t<div class=\"aux-parallax-section elementor-column elementor-col-50 elementor-top-column elementor-element elementor-element-bcacf1d\" data-id=\"bcacf1d\" data-element_type=\"column\">\n\t\t\t<div class=\"elementor-column-wrap elementor-element-populated\">\n\t\t\t\t\t\t\t<div class=\"elementor-widget-wrap\">\n\t\t\t\t\t\t<div class=\"elementor-element elementor-element-7a8494a aux-appear-watch-animation aux-scale-down-1 elementor-widget elementor-widget-aux_text\" data-id=\"7a8494a\" data-element_type=\"widget\" data-widget_type=\"aux_text.default\">\n\t\t\t\t<div class=\"elementor-widget-container\">\n\t\t\t<section class=\"widget-container aux-widget-text aux-parent-au510994c7\">        <div class=\"aux-widget-advanced-text aux-wrap-style-simple aux-ico-pos-top aux-text-left aux-text-resp- aux-text-color-dark aux-text-widget-bg-center\" >\n        \n                            <div class=\"aux-text-widget-header\"  >\n                        <div class=\"aux-ico-box aux-ico-large aux-ico-shape-circle aux-ico-clear\">\n                                                            <span class=\"aux-ico fab fa-houzz\" > <\/span>\n                                                    <\/div>\n                <\/div>\n            \n            <div class=\"aux-text-inner aux-text-widget-content\">\n                                <h4 class=\"col-title\">PROYECTOS RENOVACI\u00d3N, REFORMA Y REHABILITACI\u00d3N<\/h4>\n                                <div class=\"widget-content\">\n                                        -Distribuci\u00f3n<br>\n-Reformas y mejoras<br>\n-Instalaciones<br>\n-Refuerzos estructurales<br>\n-Cambio de uso<br>\n-Sostenibilidad<br>\n-Interiorismo<br>\n-Mobiliario a medida<br>\n-Accesibilidad<br>\n-Conservaci\u00f3n y mantenimiento                <\/div>\n                <button   class=\"aux-button aux-medium aux-black aux-none aux-outline\" ><span class=\"aux-overlay\"><\/span><span class=\"aux-text\"><\/span><span class=\"aux-icon auxicon auxicon-arrow-right-1\"><\/span><\/button>            <\/div>\n        <\/div>\n                    <div class=\"aux-text-widget-footer\">\n                <div class=\"aux-border-shape-none\">\n                                <\/div>\n            <\/div>\n        \n<\/section><!-- widget-container -->\t\t<\/div>\n\t\t\t\t<\/div>\n\t\t\t\t\t\t<\/div>\n\t\t\t\t\t<\/div>\n\t\t<\/div>\n\t\t\t\t<div class=\"aux-parallax-section elementor-column elementor-col-50 elementor-top-column elementor-element elementor-element-436b4d0\" data-id=\"436b4d0\" data-element_type=\"column\">\n\t\t\t<div class=\"elementor-column-wrap elementor-element-populated\">\n\t\t\t\t\t\t\t<div class=\"elementor-widget-wrap\">\n\t\t\t\t\t\t<div class=\"elementor-element elementor-element-84199d7 aux-appear-watch-animation aux-fade-in-right-1 elementor-widget elementor-widget-aux_text\" data-id=\"84199d7\" data-element_type=\"widget\" data-widget_type=\"aux_text.default\">\n\t\t\t\t<div class=\"elementor-widget-container\">\n\t\t\t<section class=\"widget-container aux-widget-text aux-parent-au352cbfab\">        <div class=\"aux-widget-advanced-text aux-wrap-style-simple aux-ico-pos-top aux-text-left aux-text-resp- aux-text-color-dark aux-text-widget-bg-center\" >\n        \n                            <div class=\"aux-text-widget-header\"  >\n                        <div class=\"aux-ico-box aux-ico-large aux-ico-shape-circle aux-ico-clear\">\n                                                            <span class=\"aux-ico fas fa-leaf\" > <\/span>\n                                                    <\/div>\n                <\/div>\n            \n            <div class=\"aux-text-inner aux-text-widget-content\">\n                                <h4 class=\"col-title\">SALUBRIDAD VIVIENDAS<\/h4>\n                                <div class=\"widget-content\">\n                                        -Bienestar t\u00e9rmico<br>\n-Calidad del aire y salubridad<br>\n-Materiales sostenibles<br>\n-Confort ac\u00fastico<br>\n-Iluminaci\u00f3n adecuada a cada uso<br>\n-Eliminaci\u00f3n de amianto<br>\n-Calidad del agua<br>\n-Ergonom\u00eda, accesibilidad y movilidad<br>\n-Ahorro en consumo energ\u00e9tico<br>\n-Disminuci\u00f3n de la demanda energ\u00e9tica<br>\n-Protecciones frente al rad\u00f3n                <\/div>\n                <button   class=\"aux-button aux-medium aux-black aux-none aux-outline\" ><span class=\"aux-overlay\"><\/span><span class=\"aux-text\"><\/span><span class=\"aux-icon auxicon auxicon-arrow-right-1\"><\/span><\/button>            <\/div>\n        <\/div>\n                    <div class=\"aux-text-widget-footer\">\n                <div class=\"aux-border-shape-none\">\n                                <\/div>\n            <\/div>\n        \n<\/section><!-- widget-container -->\t\t<\/div>\n\t\t\t\t<\/div>\n\t\t\t\t\t\t<\/div>\n\t\t\t\t\t<\/div>\n\t\t<\/div>\n\t\t\t\t\t\t\t\t<\/div>\n\t\t\t\t\t<\/div>\n\t\t<\/section>\n\t\t\t\t\t\t\t\t\t<\/div>\n\t\t\t<\/div>\n\t\t\t\t\t<\/div>","protected":false},"excerpt":{"rendered":"<p>Projectes Revaloritza el teu habitatge amb estudis de millora Anterior Seg\u00fcent PROJECTES RENOVACI\u00d3, REFORMA I REHABILITACI\u00d3 -Distribuci\u00f3 -Reformes i millores -Instal\u00b7lacions -Refor\u00e7os estructurals -Canvi d\u2019us -Sostenibilitat -Interiorisme -Mobiliari a mida -Accessibilitat -Conservaci\u00f3 i manteniment SALUBRITAT HABITATGES -Benestar t\u00e8rmic -Qualitat de l\u2019aire i salubritat -Materials sostenibles -Confort ac\u00fastic -Il\u00b7luminaci\u00f3 adequada a cada \u00fas -Eliminaci\u00f3 d\u2019amiant -Qualitat [&hellip;]<\/p>","protected":false},"author":1,"featured_media":0,"parent":0,"menu_order":0,"comment_status":"closed","ping_status":"closed","template":"templates\/page-builder-content.php","meta":{"footnotes":""},"class_list":["post-148","page","type-page","status-publish","hentry"],"yoast_head":"<!-- This site is optimized with the Yoast SEO plugin v20.10 - https:\/\/yoast.com\/wordpress\/plugins\/seo\/ -->\n<title>Projectes - Antal rehabilitaci\u00f3 i Arquitectura t\u00e9cnica<\/title>\n<meta name=\"robots\" content=\"index, follow, max-snippet:-1, max-image-preview:large, max-video-preview:-1\" \/>\n<link rel=\"canonical\" href=\"https:\/\/antalbcn.com\/es\/project\/\" \/>\n<meta property=\"og:locale\" content=\"es_ES\" \/>\n<meta property=\"og:type\" content=\"article\" \/>\n<meta property=\"og:title\" content=\"Projectes - Antal rehabilitaci\u00f3 i Arquitectura t\u00e9cnica\" \/>\n<meta property=\"og:description\" content=\"Projectes Revaloritza el teu habitatge amb estudis de millora Anterior Seg\u00fcent PROJECTES RENOVACI\u00d3, REFORMA I REHABILITACI\u00d3 -Distribuci\u00f3 -Reformes i millores -Instal\u00b7lacions -Refor\u00e7os estructurals -Canvi d\u2019us -Sostenibilitat -Interiorisme -Mobiliari a mida -Accessibilitat -Conservaci\u00f3 i manteniment SALUBRITAT HABITATGES -Benestar t\u00e8rmic -Qualitat de l\u2019aire i salubritat -Materials sostenibles -Confort ac\u00fastic -Il\u00b7luminaci\u00f3 adequada a cada \u00fas -Eliminaci\u00f3 d\u2019amiant -Qualitat [&hellip;]\" \/>\n<meta property=\"og:url\" content=\"https:\/\/antalbcn.com\/es\/project\/\" \/>\n<meta property=\"og:site_name\" content=\"Antal rehabilitaci\u00f3 i Arquitectura t\u00e9cnica\" \/>\n<meta property=\"article:modified_time\" content=\"2023-11-30T19:41:47+00:00\" \/>\n<meta property=\"og:image\" content=\"https:\/\/antalbcn.com\/wp-content\/uploads\/2023\/11\/20201012_164129-1024x1024.jpg\" \/>\n<meta name=\"twitter:card\" content=\"summary_large_image\" \/>\n<meta name=\"twitter:label1\" content=\"Tiempo de lectura\" \/>\n\t<meta name=\"twitter:data1\" content=\"5 minutos\" \/>\n<script type=\"application\/ld+json\" class=\"yoast-schema-graph\">{\"@context\":\"https:\/\/schema.org\",\"@graph\":[{\"@type\":\"WebPage\",\"@id\":\"https:\/\/antalbcn.com\/project\/\",\"url\":\"https:\/\/antalbcn.com\/project\/\",\"name\":\"Projectes - Antal rehabilitaci\u00f3 i Arquitectura t\u00e9cnica\",\"isPartOf\":{\"@id\":\"https:\/\/antalbcn.com\/#website\"},\"datePublished\":\"2020-10-05T12:37:28+00:00\",\"dateModified\":\"2023-11-30T19:41:47+00:00\",\"breadcrumb\":{\"@id\":\"https:\/\/antalbcn.com\/project\/#breadcrumb\"},\"inLanguage\":\"es\",\"potentialAction\":[{\"@type\":\"ReadAction\",\"target\":[\"https:\/\/antalbcn.com\/project\/\"]}]},{\"@type\":\"BreadcrumbList\",\"@id\":\"https:\/\/antalbcn.com\/project\/#breadcrumb\",\"itemListElement\":[{\"@type\":\"ListItem\",\"position\":1,\"name\":\"Portada\",\"item\":\"https:\/\/antalbcn.com\/\"},{\"@type\":\"ListItem\",\"position\":2,\"name\":\"Projectes\"}]},{\"@type\":\"WebSite\",\"@id\":\"https:\/\/antalbcn.com\/#website\",\"url\":\"https:\/\/antalbcn.com\/\",\"name\":\"Antal rehabilitaci\u00f3 i Arquitectura t\u00e9cnica\",\"description\":\"Projectes, Solucions Constructives , Arquitectura T\u00e8cnica ,ITE, Subvencions\",\"publisher\":{\"@id\":\"https:\/\/antalbcn.com\/#organization\"},\"potentialAction\":[{\"@type\":\"SearchAction\",\"target\":{\"@type\":\"EntryPoint\",\"urlTemplate\":\"https:\/\/antalbcn.com\/?s={search_term_string}\"},\"query-input\":\"required name=search_term_string\"}],\"inLanguage\":\"es\"},{\"@type\":\"Organization\",\"@id\":\"https:\/\/antalbcn.com\/#organization\",\"name\":\"Antal rehabilitaci\u00f3 i Arquitectura t\u00e9cnica\",\"url\":\"https:\/\/antalbcn.com\/\",\"logo\":{\"@type\":\"ImageObject\",\"inLanguage\":\"es\",\"@id\":\"https:\/\/antalbcn.com\/#\/schema\/logo\/image\/\",\"url\":\"https:\/\/antalbcn.com\/wp-content\/uploads\/2023\/06\/pp.png\",\"contentUrl\":\"https:\/\/antalbcn.com\/wp-content\/uploads\/2023\/06\/pp.png\",\"width\":913,\"height\":100,\"caption\":\"Antal rehabilitaci\u00f3 i Arquitectura t\u00e9cnica\"},\"image\":{\"@id\":\"https:\/\/antalbcn.com\/#\/schema\/logo\/image\/\"}}]}<\/script>\n<!-- \/ Yoast SEO plugin. -->","yoast_head_json":{"title":"Projectes - Antal rehabilitaci\u00f3 i Arquitectura t\u00e9cnica","robots":{"index":"index","follow":"follow","max-snippet":"max-snippet:-1","max-image-preview":"max-image-preview:large","max-video-preview":"max-video-preview:-1"},"canonical":"https:\/\/antalbcn.com\/es\/project\/","og_locale":"es_ES","og_type":"article","og_title":"Projectes - Antal rehabilitaci\u00f3 i Arquitectura t\u00e9cnica","og_description":"Projectes Revaloritza el teu habitatge amb estudis de millora Anterior Seg\u00fcent PROJECTES RENOVACI\u00d3, REFORMA I REHABILITACI\u00d3 -Distribuci\u00f3 -Reformes i millores -Instal\u00b7lacions -Refor\u00e7os estructurals -Canvi d\u2019us -Sostenibilitat -Interiorisme -Mobiliari a mida -Accessibilitat -Conservaci\u00f3 i manteniment SALUBRITAT HABITATGES -Benestar t\u00e8rmic -Qualitat de l\u2019aire i salubritat -Materials sostenibles -Confort ac\u00fastic -Il\u00b7luminaci\u00f3 adequada a cada \u00fas -Eliminaci\u00f3 d\u2019amiant -Qualitat [&hellip;]","og_url":"https:\/\/antalbcn.com\/es\/project\/","og_site_name":"Antal rehabilitaci\u00f3 i Arquitectura t\u00e9cnica","article_modified_time":"2023-11-30T19:41:47+00:00","og_image":[{"url":"https:\/\/antalbcn.com\/wp-content\/uploads\/2023\/11\/20201012_164129-1024x1024.jpg"}],"twitter_card":"summary_large_image","twitter_misc":{"Tiempo de lectura":"5 minutos"},"schema":{"@context":"https:\/\/schema.org","@graph":[{"@type":"WebPage","@id":"https:\/\/antalbcn.com\/project\/","url":"https:\/\/antalbcn.com\/project\/","name":"Projectes - Antal rehabilitaci\u00f3 i Arquitectura t\u00e9cnica","isPartOf":{"@id":"https:\/\/antalbcn.com\/#website"},"datePublished":"2020-10-05T12:37:28+00:00","dateModified":"2023-11-30T19:41:47+00:00","breadcrumb":{"@id":"https:\/\/antalbcn.com\/project\/#breadcrumb"},"inLanguage":"es","potentialAction":[{"@type":"ReadAction","target":["https:\/\/antalbcn.com\/project\/"]}]},{"@type":"BreadcrumbList","@id":"https:\/\/antalbcn.com\/project\/#breadcrumb","itemListElement":[{"@type":"ListItem","position":1,"name":"Portada","item":"https:\/\/antalbcn.com\/"},{"@type":"ListItem","position":2,"name":"Projectes"}]},{"@type":"WebSite","@id":"https:\/\/antalbcn.com\/#website","url":"https:\/\/antalbcn.com\/","name":"Antal rehabilitaci\u00f3 i Arquitectura t\u00e9cnica","description":"Projectes, Solucions Constructives , Arquitectura T\u00e8cnica ,ITE, Subvencions","publisher":{"@id":"https:\/\/antalbcn.com\/#organization"},"potentialAction":[{"@type":"SearchAction","target":{"@type":"EntryPoint","urlTemplate":"https:\/\/antalbcn.com\/?s={search_term_string}"},"query-input":"required name=search_term_string"}],"inLanguage":"es"},{"@type":"Organization","@id":"https:\/\/antalbcn.com\/#organization","name":"Antal rehabilitaci\u00f3 i Arquitectura t\u00e9cnica","url":"https:\/\/antalbcn.com\/","logo":{"@type":"ImageObject","inLanguage":"es","@id":"https:\/\/antalbcn.com\/#\/schema\/logo\/image\/","url":"https:\/\/antalbcn.com\/wp-content\/uploads\/2023\/06\/pp.png","contentUrl":"https:\/\/antalbcn.com\/wp-content\/uploads\/2023\/06\/pp.png","width":913,"height":100,"caption":"Antal rehabilitaci\u00f3 i Arquitectura t\u00e9cnica"},"image":{"@id":"https:\/\/antalbcn.com\/#\/schema\/logo\/image\/"}}]}},"_links":{"self":[{"href":"https:\/\/antalbcn.com\/es\/wp-json\/wp\/v2\/pages\/148","targetHints":{"allow":["GET"]}}],"collection":[{"href":"https:\/\/antalbcn.com\/es\/wp-json\/wp\/v2\/pages"}],"about":[{"href":"https:\/\/antalbcn.com\/es\/wp-json\/wp\/v2\/types\/page"}],"author":[{"embeddable":true,"href":"https:\/\/antalbcn.com\/es\/wp-json\/wp\/v2\/users\/1"}],"replies":[{"embeddable":true,"href":"https:\/\/antalbcn.com\/es\/wp-json\/wp\/v2\/comments?post=148"}],"version-history":[{"count":28,"href":"https:\/\/antalbcn.com\/es\/wp-json\/wp\/v2\/pages\/148\/revisions"}],"predecessor-version":[{"id":819,"href":"https:\/\/antalbcn.com\/es\/wp-json\/wp\/v2\/pages\/148\/revisions\/819"}],"wp:attachment":[{"href":"https:\/\/antalbcn.com\/es\/wp-json\/wp\/v2\/media?parent=148"}],"curies":[{"name":"wp","href":"https:\/\/api.w.org\/{rel}","templated":true}]}}