{"id":204,"date":"2023-04-28T07:54:09","date_gmt":"2023-04-28T07:54:09","guid":{"rendered":"https:\/\/antalbcn.com\/?page_id=204"},"modified":"2023-12-27T10:43:45","modified_gmt":"2023-12-27T10:43:45","slug":"arquitectura-tecnica","status":"publish","type":"page","link":"https:\/\/antalbcn.com\/es\/arquitectura-tecnica\/","title":{"rendered":"Soluciones constructivas personalizadas"},"content":{"rendered":"<div data-elementor-type=\"wp-page\" data-elementor-id=\"204\" class=\"elementor elementor-204\">\n\t\t\t\t\t\t<div class=\"elementor-inner\">\n\t\t\t\t<div class=\"elementor-section-wrap\">\n\t\t\t\t\t\t\t\t\t<section class=\"elementor-section elementor-top-section elementor-element elementor-element-d3b737e elementor-section-boxed elementor-section-height-default elementor-section-height-default\" data-id=\"d3b737e\" data-element_type=\"section\" data-settings=\"{&quot;background_background&quot;:&quot;classic&quot;}\">\n\t\t\t\t\t\t<div class=\"elementor-container elementor-column-gap-no\">\n\t\t\t\t\t\t\t<div class=\"elementor-row\">\n\t\t\t\t\t<div class=\"aux-parallax-section elementor-column elementor-col-100 elementor-top-column elementor-element elementor-element-993b03a\" data-id=\"993b03a\" data-element_type=\"column\">\n\t\t\t<div class=\"elementor-column-wrap elementor-element-populated\">\n\t\t\t\t\t\t\t<div class=\"elementor-widget-wrap\">\n\t\t\t\t\t\t<div class=\"elementor-element elementor-element-1f4c852 aux-appear-watch-animation aux-scale-down-1 elementor-widget__width-initial elementor-widget elementor-widget-aux_modern_heading\" data-id=\"1f4c852\" data-element_type=\"widget\" data-widget_type=\"aux_modern_heading.default\">\n\t\t\t\t<div class=\"elementor-widget-container\">\n\t\t\t<section class=\"aux-widget-modern-heading\">\n            <div class=\"aux-widget-inner\"><h5 class=\"aux-modern-heading-primary\">Obras \/ Instalaciones<\/h5><h3 class=\"aux-modern-heading-secondary\"><span class=\"aux-head-before\">Una soluci\u00f3n<\/span><span class=\"aux-head-highlight\">para cada necesidad<\/span><\/h3><div class=\"aux-modern-heading-divider\"><\/div><div class=\"aux-modern-heading-description\"><p>Cada obra es \u00fanica per nosaltres. Aplicant els nostres coneixements t\u00e8cnics a les vostres necessitats funcionals i adaptant els acabats finals a les vostres expectatives est\u00e8tiques lluitarem per obtindre un bon resultat final d\u2019acord amb el vostre pressupost.<\/p><p>Disposem d'una llarga traject\u00f2ria com a constructors des de 1950 que ens permet poder seguir compartint amb vosaltres les viv\u00e8ncies que os faran gaudir del proc\u00e9s constructiu.<\/p><\/div><\/div>\n        <\/section>\t\t<\/div>\n\t\t\t\t<\/div>\n\t\t\t\t\t\t<\/div>\n\t\t\t\t\t<\/div>\n\t\t<\/div>\n\t\t\t\t\t\t\t\t<\/div>\n\t\t\t\t\t<\/div>\n\t\t<\/section>\n\t\t\t\t<section class=\"elementor-section elementor-top-section elementor-element elementor-element-f034bf8 elementor-section-boxed elementor-section-height-default elementor-section-height-default\" data-id=\"f034bf8\" data-element_type=\"section\">\n\t\t\t\t\t\t<div class=\"elementor-container elementor-column-gap-no\">\n\t\t\t\t\t\t\t<div class=\"elementor-row\">\n\t\t\t\t\t<div class=\"aux-parallax-section elementor-column elementor-col-50 elementor-top-column elementor-element elementor-element-edc6439\" data-id=\"edc6439\" data-element_type=\"column\">\n\t\t\t<div class=\"elementor-column-wrap elementor-element-populated\">\n\t\t\t\t\t\t\t<div class=\"elementor-widget-wrap\">\n\t\t\t\t\t\t<div class=\"elementor-element elementor-element-c304778 aux-appear-watch-animation aux-fade-in-left-1 elementor-widget elementor-widget-aux_text\" data-id=\"c304778\" data-element_type=\"widget\" data-widget_type=\"aux_text.default\">\n\t\t\t\t<div class=\"elementor-widget-container\">\n\t\t\t<section class=\"widget-container aux-widget-text aux-parent-au4e4cd46f\">        <div class=\"aux-widget-advanced-text aux-wrap-style-simple aux-ico-pos-top aux-text-left aux-text-resp- aux-text-color-dark aux-text-widget-bg-center\" >\n        \n                            <div class=\"aux-text-widget-header\"  >\n                        <div class=\"aux-ico-box aux-ico-large aux-ico-shape-circle aux-ico-clear\">\n                                                            <span class=\"aux-ico fas fa-clone\" > <\/span>\n                                                    <\/div>\n                <\/div>\n            \n            <div class=\"aux-text-inner aux-text-widget-content\">\n                                <h4 class=\"col-title\">RAMO DE PALETA Y YESO<\/h4>\n                                <div class=\"widget-content\">\n                                        -Refuerzo estructural, apeos<br>\n-Impermeabilizaciones<br>\n-Redistribuci\u00f3n de tabiques<br>\n-Trabajos exigidos para obtener ITE<br>\n-Restauraci\u00f3n de fachadas<br>\n-Patis de luces, bajantes<br>\n-Rebozados, enyesados<br>\n-Falzo techo , tabiques ligeros, trasdosados<br>\n-Aislamientos t\u00e9rmicos y ac\u00fasticos<br>\n-Revestimientos, micro cemento, yeso<br>\n-Reparaciones                <\/div>\n                <button   class=\"aux-button aux-medium aux-black aux-none aux-outline\" ><span class=\"aux-overlay\"><\/span><span class=\"aux-text\"><\/span><span class=\"aux-icon auxicon auxicon-arrow-right-1\"><\/span><\/button>            <\/div>\n        <\/div>\n                    <div class=\"aux-text-widget-footer\">\n                <div class=\"aux-border-shape-none\">\n                                <\/div>\n            <\/div>\n        \n<\/section><!-- widget-container -->\t\t<\/div>\n\t\t\t\t<\/div>\n\t\t\t\t\t\t<\/div>\n\t\t\t\t\t<\/div>\n\t\t<\/div>\n\t\t\t\t<div class=\"aux-parallax-section elementor-column elementor-col-50 elementor-top-column elementor-element elementor-element-3adec99\" data-id=\"3adec99\" data-element_type=\"column\">\n\t\t\t<div class=\"elementor-column-wrap elementor-element-populated\">\n\t\t\t\t\t\t\t<div class=\"elementor-widget-wrap\">\n\t\t\t\t\t\t<div class=\"elementor-element elementor-element-ab6ea14 elementor-widget__width-inherit elementor-arrows-position-inside elementor-pagination-position-outside elementor-widget elementor-widget-image-carousel\" data-id=\"ab6ea14\" data-element_type=\"widget\" data-settings=\"{&quot;slides_to_show&quot;:&quot;1&quot;,&quot;navigation&quot;:&quot;both&quot;,&quot;autoplay&quot;:&quot;yes&quot;,&quot;pause_on_hover&quot;:&quot;yes&quot;,&quot;pause_on_interaction&quot;:&quot;yes&quot;,&quot;autoplay_speed&quot;:5000,&quot;infinite&quot;:&quot;yes&quot;,&quot;effect&quot;:&quot;slide&quot;,&quot;speed&quot;:500}\" data-widget_type=\"image-carousel.default\">\n\t\t\t\t<div class=\"elementor-widget-container\">\n\t\t\t\t\t<div class=\"elementor-image-carousel-wrapper swiper-container\" dir=\"ltr\">\n\t\t\t<div class=\"elementor-image-carousel swiper-wrapper\">\n\t\t\t\t\t\t\t\t<div class=\"swiper-slide\"><figure class=\"swiper-slide-inner\"><img decoding=\"async\" class=\"swiper-slide-image\" src=\"https:\/\/antalbcn.com\/wp-content\/uploads\/2023\/11\/original-2.jpeg\" alt=\"original (2)\" \/><\/figure><\/div><div class=\"swiper-slide\"><figure class=\"swiper-slide-inner\"><img decoding=\"async\" class=\"swiper-slide-image\" src=\"https:\/\/antalbcn.com\/wp-content\/uploads\/2023\/11\/P7284651-scaled.jpg\" alt=\"OLYMPUS DIGITAL CAMERA\" \/><\/figure><\/div><div class=\"swiper-slide\"><figure class=\"swiper-slide-inner\"><img decoding=\"async\" class=\"swiper-slide-image\" src=\"https:\/\/antalbcn.com\/wp-content\/uploads\/2023\/11\/sept-2005-304.jpg\" alt=\"sept 2005 304\" \/><\/figure><\/div><div class=\"swiper-slide\"><figure class=\"swiper-slide-inner\"><img decoding=\"async\" class=\"swiper-slide-image\" src=\"https:\/\/antalbcn.com\/wp-content\/uploads\/2023\/06\/uuxjSqyw.jpg\" alt=\"uuxjSqyw\" \/><\/figure><\/div><div class=\"swiper-slide\"><figure class=\"swiper-slide-inner\"><img decoding=\"async\" class=\"swiper-slide-image\" src=\"https:\/\/antalbcn.com\/wp-content\/uploads\/2023\/06\/VKnFMFQN.jpg\" alt=\"VKnFMFQN\" \/><\/figure><\/div><div class=\"swiper-slide\"><figure class=\"swiper-slide-inner\"><img decoding=\"async\" class=\"swiper-slide-image\" src=\"https:\/\/antalbcn.com\/wp-content\/uploads\/2023\/06\/k78adzOI.jpg\" alt=\"k78adzOI\" \/><\/figure><\/div><div class=\"swiper-slide\"><figure class=\"swiper-slide-inner\"><img decoding=\"async\" class=\"swiper-slide-image\" src=\"https:\/\/antalbcn.com\/wp-content\/uploads\/2023\/06\/FFa9fW9D.jpg\" alt=\"FFa9fW9D\" \/><\/figure><\/div><div class=\"swiper-slide\"><figure class=\"swiper-slide-inner\"><img decoding=\"async\" class=\"swiper-slide-image\" src=\"https:\/\/antalbcn.com\/wp-content\/uploads\/2023\/11\/2021-01-24-17.46.44-1.jpg\" alt=\"2021-01-24 17.46.44-1\" \/><\/figure><\/div><div class=\"swiper-slide\"><figure class=\"swiper-slide-inner\"><img decoding=\"async\" class=\"swiper-slide-image\" src=\"https:\/\/antalbcn.com\/wp-content\/uploads\/2023\/06\/rQN6I9ap.jpg\" alt=\"rQN6I9ap\" \/><\/figure><\/div><div class=\"swiper-slide\"><figure class=\"swiper-slide-inner\"><img decoding=\"async\" class=\"swiper-slide-image\" src=\"https:\/\/antalbcn.com\/wp-content\/uploads\/2023\/06\/xUppqYUH.jpg\" alt=\"xUppqYUH\" \/><\/figure><\/div><div class=\"swiper-slide\"><figure class=\"swiper-slide-inner\"><img decoding=\"async\" class=\"swiper-slide-image\" src=\"https:\/\/antalbcn.com\/wp-content\/uploads\/2023\/11\/20210207_130007.jpg\" alt=\"20210207_130007\" \/><\/figure><\/div><div class=\"swiper-slide\"><figure class=\"swiper-slide-inner\"><img decoding=\"async\" class=\"swiper-slide-image\" src=\"https:\/\/antalbcn.com\/wp-content\/uploads\/2023\/11\/2020-12-06-14.52.46-1.jpg\" alt=\"2020-12-06 14.52.46-1\" \/><\/figure><\/div><div class=\"swiper-slide\"><figure class=\"swiper-slide-inner\"><img decoding=\"async\" class=\"swiper-slide-image\" src=\"https:\/\/antalbcn.com\/wp-content\/uploads\/2023\/11\/2020-11-15-05.58.40.jpg\" alt=\"2020-11-15 05.58.40\" \/><\/figure><\/div><div class=\"swiper-slide\"><figure class=\"swiper-slide-inner\"><img decoding=\"async\" class=\"swiper-slide-image\" src=\"https:\/\/antalbcn.com\/wp-content\/uploads\/2023\/06\/dkeduKyf.jpg\" alt=\"dkeduKyf\" \/><\/figure><\/div>\t\t\t<\/div>\n\t\t\t\t\t\t\t\t\t\t\t\t<div class=\"swiper-pagination\"><\/div>\n\t\t\t\t\t\t\t\t\t\t\t\t\t<div class=\"elementor-swiper-button elementor-swiper-button-prev\">\n\t\t\t\t\t\t<i aria-hidden=\"true\" class=\"eicon-chevron-left\"><\/i>\t\t\t\t\t\t<span class=\"elementor-screen-only\">Anterior<\/span>\n\t\t\t\t\t<\/div>\n\t\t\t\t\t<div class=\"elementor-swiper-button elementor-swiper-button-next\">\n\t\t\t\t\t\t<i aria-hidden=\"true\" class=\"eicon-chevron-right\"><\/i>\t\t\t\t\t\t<span class=\"elementor-screen-only\">Siguiente<\/span>\n\t\t\t\t\t<\/div>\n\t\t\t\t\t\t\t\t\t<\/div>\n\t\t\t\t<\/div>\n\t\t\t\t<\/div>\n\t\t\t\t\t\t<\/div>\n\t\t\t\t\t<\/div>\n\t\t<\/div>\n\t\t\t\t\t\t\t\t<\/div>\n\t\t\t\t\t<\/div>\n\t\t<\/section>\n\t\t\t\t<section class=\"elementor-section elementor-top-section elementor-element elementor-element-83d5deb elementor-section-boxed elementor-section-height-default elementor-section-height-default\" data-id=\"83d5deb\" data-element_type=\"section\">\n\t\t\t\t\t\t<div class=\"elementor-container elementor-column-gap-no\">\n\t\t\t\t\t\t\t<div class=\"elementor-row\">\n\t\t\t\t\t<div class=\"aux-parallax-section elementor-column elementor-col-50 elementor-top-column elementor-element elementor-element-bb59d88\" data-id=\"bb59d88\" data-element_type=\"column\">\n\t\t\t<div class=\"elementor-column-wrap elementor-element-populated\">\n\t\t\t\t\t\t\t<div class=\"elementor-widget-wrap\">\n\t\t\t\t\t\t<div class=\"elementor-element elementor-element-ee7d70a aux-appear-watch-animation aux-scale-down-1 elementor-widget elementor-widget-aux_text\" data-id=\"ee7d70a\" data-element_type=\"widget\" data-widget_type=\"aux_text.default\">\n\t\t\t\t<div class=\"elementor-widget-container\">\n\t\t\t<section class=\"widget-container aux-widget-text aux-parent-aub0ced55c\">        <div class=\"aux-widget-advanced-text aux-wrap-style-simple aux-ico-pos-top aux-text-left aux-text-resp- aux-text-color-dark aux-text-widget-bg-center\" >\n        \n                            <div class=\"aux-text-widget-header\"  >\n                        <div class=\"aux-ico-box aux-ico-large aux-ico-shape-circle aux-ico-clear\">\n                                                            <span class=\"aux-ico fas fa-bolt\" > <\/span>\n                                                    <\/div>\n                <\/div>\n            \n            <div class=\"aux-text-inner aux-text-widget-content\">\n                                <h4 class=\"col-title\">INSTALACIONES COMPLETAS<\/h4>\n                                <div class=\"widget-content\">\n                                        <p>-Electricidad, Cuadro general y l\u00edneas distribuci\u00f3n<br \/>-Iluminaci\u00f3n y mecanismos el\u00e9ctricos o fontaner\u00eda<br \/>-Instalaciones agua caliente y fr\u00eda<br \/>-Calefacci\u00f3n, Refrigeraci\u00f3n<br \/>-Bomba calor inverter<br \/>-Gas, Calentadores, Radiadores<br \/>-Aerot\u00e9rmica, Geotermia<br \/>-Ventilaci\u00f3n, Ventiladores<br \/>-Energ\u00edas alternativas, placas fotovoltaicas<br \/>-Dom\u00f3tica<\/p>                <\/div>\n                <button   class=\"aux-button aux-medium aux-black aux-none aux-outline\" ><span class=\"aux-overlay\"><\/span><span class=\"aux-text\"><\/span><span class=\"aux-icon auxicon auxicon-arrow-right-1\"><\/span><\/button>            <\/div>\n        <\/div>\n                    <div class=\"aux-text-widget-footer\">\n                <div class=\"aux-border-shape-none\">\n                                <\/div>\n            <\/div>\n        \n<\/section><!-- widget-container -->\t\t<\/div>\n\t\t\t\t<\/div>\n\t\t\t\t\t\t<\/div>\n\t\t\t\t\t<\/div>\n\t\t<\/div>\n\t\t\t\t<div class=\"aux-parallax-section elementor-column elementor-col-50 elementor-top-column elementor-element elementor-element-9976caf\" data-id=\"9976caf\" data-element_type=\"column\">\n\t\t\t<div class=\"elementor-column-wrap elementor-element-populated\">\n\t\t\t\t\t\t\t<div class=\"elementor-widget-wrap\">\n\t\t\t\t\t\t<div class=\"elementor-element elementor-element-84149de aux-appear-watch-animation aux-fade-in-right-1 elementor-widget elementor-widget-aux_text\" data-id=\"84149de\" data-element_type=\"widget\" data-widget_type=\"aux_text.default\">\n\t\t\t\t<div class=\"elementor-widget-container\">\n\t\t\t<section class=\"widget-container aux-widget-text aux-parent-au59486f1e\">        <div class=\"aux-widget-advanced-text aux-wrap-style-simple aux-ico-pos-top aux-text-left aux-text-resp- aux-text-color-dark aux-text-widget-bg-center\" >\n        \n                            <div class=\"aux-text-widget-header\"  >\n                        <div class=\"aux-ico-box aux-ico-large aux-ico-shape-circle aux-ico-clear\">\n                                                            <span class=\"aux-ico auxicon auxicon-design-pencil-rule-streamline\" > <\/span>\n                                                    <\/div>\n                <\/div>\n            \n            <div class=\"aux-text-inner aux-text-widget-content\">\n                                <h4 class=\"col-title\">ACABADOS A MEDIDA<\/h4>\n                                <div class=\"widget-content\">\n                                        <p>-Cerramientos exteriores de aluminio<br \/>-Persianas, toldos<br \/>-Many\u00e0, rejas<br \/>-Reparaciones<br \/>-Carpinter\u00eda, puertas, ventanas armarios, revestimientos<br \/>-Mobiliario de cocina y electrodom\u00e9sticos<br \/>-M\u00e1rmol, s\u00f3lido Surface<br \/>-Sanitarios, grifos, v\u00e1lvulas<br \/>-Radiadores espec\u00edficos<br \/>- Cristales y espejos<br \/>-Mamparas<br \/>-Pintura<br \/>-Parquete<\/p>                <\/div>\n                <button   class=\"aux-button aux-medium aux-black aux-none aux-outline\" ><span class=\"aux-overlay\"><\/span><span class=\"aux-text\"><\/span><span class=\"aux-icon auxicon auxicon-arrow-right-1\"><\/span><\/button>            <\/div>\n        <\/div>\n                    <div class=\"aux-text-widget-footer\">\n                <div class=\"aux-border-shape-none\">\n                                <\/div>\n            <\/div>\n        \n<\/section><!-- widget-container -->\t\t<\/div>\n\t\t\t\t<\/div>\n\t\t\t\t\t\t<\/div>\n\t\t\t\t\t<\/div>\n\t\t<\/div>\n\t\t\t\t\t\t\t\t<\/div>\n\t\t\t\t\t<\/div>\n\t\t<\/section>\n\t\t\t\t\t\t\t\t\t<\/div>\n\t\t\t<\/div>\n\t\t\t\t\t<\/div>","protected":false},"excerpt":{"rendered":"<p>Obres \/ Instal\u00b7lacions Una sol\u00b7luci\u00f3per a cada necesitat Cada obra es \u00fanica per nosaltres. Aplicant els nostres coneixements t\u00e8cnics a les vostres necessitats funcionals i adaptant els acabats finals a les vostres expectatives est\u00e8tiques lluitarem per obtindre un bon resultat final d\u2019acord amb el vostre pressupost. Disposem d&#8217;una llarga traject\u00f2ria com a constructors des de [&hellip;]<\/p>","protected":false},"author":1,"featured_media":0,"parent":0,"menu_order":0,"comment_status":"closed","ping_status":"closed","template":"templates\/page-builder-content.php","meta":{"footnotes":""},"class_list":["post-204","page","type-page","status-publish","hentry"],"yoast_head":"<!-- This site is optimized with the Yoast SEO plugin v20.10 - https:\/\/yoast.com\/wordpress\/plugins\/seo\/ -->\n<title>Solucions constructives personalitzades - Antal rehabilitaci\u00f3 i Arquitectura t\u00e9cnica<\/title>\n<meta name=\"robots\" content=\"index, follow, max-snippet:-1, max-image-preview:large, max-video-preview:-1\" \/>\n<link rel=\"canonical\" href=\"https:\/\/antalbcn.com\/es\/arquitectura-tecnica\/\" \/>\n<meta property=\"og:locale\" content=\"es_ES\" \/>\n<meta property=\"og:type\" content=\"article\" \/>\n<meta property=\"og:title\" content=\"Solucions constructives personalitzades - Antal rehabilitaci\u00f3 i Arquitectura t\u00e9cnica\" \/>\n<meta property=\"og:description\" content=\"Obres \/ Instal\u00b7lacions Una sol\u00b7luci\u00f3per a cada necesitat Cada obra es \u00fanica per nosaltres. Aplicant els nostres coneixements t\u00e8cnics a les vostres necessitats funcionals i adaptant els acabats finals a les vostres expectatives est\u00e8tiques lluitarem per obtindre un bon resultat final d\u2019acord amb el vostre pressupost. Disposem d&#8217;una llarga traject\u00f2ria com a constructors des de [&hellip;]\" \/>\n<meta property=\"og:url\" content=\"https:\/\/antalbcn.com\/es\/arquitectura-tecnica\/\" \/>\n<meta property=\"og:site_name\" content=\"Antal rehabilitaci\u00f3 i Arquitectura t\u00e9cnica\" \/>\n<meta property=\"article:modified_time\" content=\"2023-12-27T10:43:45+00:00\" \/>\n<meta property=\"og:image\" content=\"https:\/\/antalbcn.com\/wp-content\/uploads\/2023\/11\/original-2.jpeg\" \/>\n<meta name=\"twitter:card\" content=\"summary_large_image\" \/>\n<meta name=\"twitter:label1\" content=\"Tiempo de lectura\" \/>\n\t<meta name=\"twitter:data1\" content=\"5 minutos\" \/>\n<script type=\"application\/ld+json\" class=\"yoast-schema-graph\">{\"@context\":\"https:\/\/schema.org\",\"@graph\":[{\"@type\":\"WebPage\",\"@id\":\"https:\/\/antalbcn.com\/arquitectura-tecnica\/\",\"url\":\"https:\/\/antalbcn.com\/arquitectura-tecnica\/\",\"name\":\"Solucions constructives personalitzades - Antal rehabilitaci\u00f3 i Arquitectura t\u00e9cnica\",\"isPartOf\":{\"@id\":\"https:\/\/antalbcn.com\/#website\"},\"datePublished\":\"2023-04-28T07:54:09+00:00\",\"dateModified\":\"2023-12-27T10:43:45+00:00\",\"breadcrumb\":{\"@id\":\"https:\/\/antalbcn.com\/arquitectura-tecnica\/#breadcrumb\"},\"inLanguage\":\"es\",\"potentialAction\":[{\"@type\":\"ReadAction\",\"target\":[\"https:\/\/antalbcn.com\/arquitectura-tecnica\/\"]}]},{\"@type\":\"BreadcrumbList\",\"@id\":\"https:\/\/antalbcn.com\/arquitectura-tecnica\/#breadcrumb\",\"itemListElement\":[{\"@type\":\"ListItem\",\"position\":1,\"name\":\"Portada\",\"item\":\"https:\/\/antalbcn.com\/\"},{\"@type\":\"ListItem\",\"position\":2,\"name\":\"Solucions constructives personalitzades\"}]},{\"@type\":\"WebSite\",\"@id\":\"https:\/\/antalbcn.com\/#website\",\"url\":\"https:\/\/antalbcn.com\/\",\"name\":\"Antal rehabilitaci\u00f3 i Arquitectura t\u00e9cnica\",\"description\":\"Projectes, Solucions Constructives , Arquitectura T\u00e8cnica ,ITE, Subvencions\",\"publisher\":{\"@id\":\"https:\/\/antalbcn.com\/#organization\"},\"potentialAction\":[{\"@type\":\"SearchAction\",\"target\":{\"@type\":\"EntryPoint\",\"urlTemplate\":\"https:\/\/antalbcn.com\/?s={search_term_string}\"},\"query-input\":\"required name=search_term_string\"}],\"inLanguage\":\"es\"},{\"@type\":\"Organization\",\"@id\":\"https:\/\/antalbcn.com\/#organization\",\"name\":\"Antal rehabilitaci\u00f3 i Arquitectura t\u00e9cnica\",\"url\":\"https:\/\/antalbcn.com\/\",\"logo\":{\"@type\":\"ImageObject\",\"inLanguage\":\"es\",\"@id\":\"https:\/\/antalbcn.com\/#\/schema\/logo\/image\/\",\"url\":\"https:\/\/antalbcn.com\/wp-content\/uploads\/2023\/06\/pp.png\",\"contentUrl\":\"https:\/\/antalbcn.com\/wp-content\/uploads\/2023\/06\/pp.png\",\"width\":913,\"height\":100,\"caption\":\"Antal rehabilitaci\u00f3 i Arquitectura t\u00e9cnica\"},\"image\":{\"@id\":\"https:\/\/antalbcn.com\/#\/schema\/logo\/image\/\"}}]}<\/script>\n<!-- \/ Yoast SEO plugin. -->","yoast_head_json":{"title":"Solucions constructives personalitzades - Antal rehabilitaci\u00f3 i Arquitectura t\u00e9cnica","robots":{"index":"index","follow":"follow","max-snippet":"max-snippet:-1","max-image-preview":"max-image-preview:large","max-video-preview":"max-video-preview:-1"},"canonical":"https:\/\/antalbcn.com\/es\/arquitectura-tecnica\/","og_locale":"es_ES","og_type":"article","og_title":"Solucions constructives personalitzades - Antal rehabilitaci\u00f3 i Arquitectura t\u00e9cnica","og_description":"Obres \/ Instal\u00b7lacions Una sol\u00b7luci\u00f3per a cada necesitat Cada obra es \u00fanica per nosaltres. Aplicant els nostres coneixements t\u00e8cnics a les vostres necessitats funcionals i adaptant els acabats finals a les vostres expectatives est\u00e8tiques lluitarem per obtindre un bon resultat final d\u2019acord amb el vostre pressupost. Disposem d&#8217;una llarga traject\u00f2ria com a constructors des de [&hellip;]","og_url":"https:\/\/antalbcn.com\/es\/arquitectura-tecnica\/","og_site_name":"Antal rehabilitaci\u00f3 i Arquitectura t\u00e9cnica","article_modified_time":"2023-12-27T10:43:45+00:00","og_image":[{"url":"https:\/\/antalbcn.com\/wp-content\/uploads\/2023\/11\/original-2.jpeg"}],"twitter_card":"summary_large_image","twitter_misc":{"Tiempo de lectura":"5 minutos"},"schema":{"@context":"https:\/\/schema.org","@graph":[{"@type":"WebPage","@id":"https:\/\/antalbcn.com\/arquitectura-tecnica\/","url":"https:\/\/antalbcn.com\/arquitectura-tecnica\/","name":"Solucions constructives personalitzades - Antal rehabilitaci\u00f3 i Arquitectura t\u00e9cnica","isPartOf":{"@id":"https:\/\/antalbcn.com\/#website"},"datePublished":"2023-04-28T07:54:09+00:00","dateModified":"2023-12-27T10:43:45+00:00","breadcrumb":{"@id":"https:\/\/antalbcn.com\/arquitectura-tecnica\/#breadcrumb"},"inLanguage":"es","potentialAction":[{"@type":"ReadAction","target":["https:\/\/antalbcn.com\/arquitectura-tecnica\/"]}]},{"@type":"BreadcrumbList","@id":"https:\/\/antalbcn.com\/arquitectura-tecnica\/#breadcrumb","itemListElement":[{"@type":"ListItem","position":1,"name":"Portada","item":"https:\/\/antalbcn.com\/"},{"@type":"ListItem","position":2,"name":"Solucions constructives personalitzades"}]},{"@type":"WebSite","@id":"https:\/\/antalbcn.com\/#website","url":"https:\/\/antalbcn.com\/","name":"Antal rehabilitaci\u00f3 i Arquitectura t\u00e9cnica","description":"Projectes, Solucions Constructives , Arquitectura T\u00e8cnica ,ITE, Subvencions","publisher":{"@id":"https:\/\/antalbcn.com\/#organization"},"potentialAction":[{"@type":"SearchAction","target":{"@type":"EntryPoint","urlTemplate":"https:\/\/antalbcn.com\/?s={search_term_string}"},"query-input":"required name=search_term_string"}],"inLanguage":"es"},{"@type":"Organization","@id":"https:\/\/antalbcn.com\/#organization","name":"Antal rehabilitaci\u00f3 i Arquitectura t\u00e9cnica","url":"https:\/\/antalbcn.com\/","logo":{"@type":"ImageObject","inLanguage":"es","@id":"https:\/\/antalbcn.com\/#\/schema\/logo\/image\/","url":"https:\/\/antalbcn.com\/wp-content\/uploads\/2023\/06\/pp.png","contentUrl":"https:\/\/antalbcn.com\/wp-content\/uploads\/2023\/06\/pp.png","width":913,"height":100,"caption":"Antal rehabilitaci\u00f3 i Arquitectura t\u00e9cnica"},"image":{"@id":"https:\/\/antalbcn.com\/#\/schema\/logo\/image\/"}}]}},"_links":{"self":[{"href":"https:\/\/antalbcn.com\/es\/wp-json\/wp\/v2\/pages\/204","targetHints":{"allow":["GET"]}}],"collection":[{"href":"https:\/\/antalbcn.com\/es\/wp-json\/wp\/v2\/pages"}],"about":[{"href":"https:\/\/antalbcn.com\/es\/wp-json\/wp\/v2\/types\/page"}],"author":[{"embeddable":true,"href":"https:\/\/antalbcn.com\/es\/wp-json\/wp\/v2\/users\/1"}],"replies":[{"embeddable":true,"href":"https:\/\/antalbcn.com\/es\/wp-json\/wp\/v2\/comments?post=204"}],"version-history":[{"count":50,"href":"https:\/\/antalbcn.com\/es\/wp-json\/wp\/v2\/pages\/204\/revisions"}],"predecessor-version":[{"id":890,"href":"https:\/\/antalbcn.com\/es\/wp-json\/wp\/v2\/pages\/204\/revisions\/890"}],"wp:attachment":[{"href":"https:\/\/antalbcn.com\/es\/wp-json\/wp\/v2\/media?parent=204"}],"curies":[{"name":"wp","href":"https:\/\/api.w.org\/{rel}","templated":true}]}}