{"id":231,"date":"2023-04-28T08:20:34","date_gmt":"2023-04-28T08:20:34","guid":{"rendered":"https:\/\/antalbcn.com\/?page_id=231"},"modified":"2023-04-28T08:26:52","modified_gmt":"2023-04-28T08:26:52","slug":"galeria","status":"publish","type":"page","link":"https:\/\/antalbcn.com\/es\/galeria\/","title":{"rendered":"Galer\u00eda"},"content":{"rendered":"<div data-elementor-type=\"wp-page\" data-elementor-id=\"231\" class=\"elementor elementor-231\">\n\t\t\t\t\t\t<div class=\"elementor-inner\">\n\t\t\t\t<div class=\"elementor-section-wrap\">\n\t\t\t\t\t\t\t\t\t<section class=\"elementor-section elementor-top-section elementor-element elementor-element-ca96cdd elementor-section-boxed elementor-section-height-default elementor-section-height-default\" data-id=\"ca96cdd\" data-element_type=\"section\">\n\t\t\t\t\t\t<div class=\"elementor-container elementor-column-gap-no\">\n\t\t\t\t\t\t\t<div class=\"elementor-row\">\n\t\t\t\t\t<div class=\"aux-parallax-section elementor-column elementor-col-100 elementor-top-column elementor-element elementor-element-b0c5a6a\" data-id=\"b0c5a6a\" data-element_type=\"column\">\n\t\t\t<div class=\"elementor-column-wrap elementor-element-populated\">\n\t\t\t\t\t\t\t<div class=\"elementor-widget-wrap\">\n\t\t\t\t\t\t<section class=\"elementor-section elementor-inner-section elementor-element elementor-element-318d61b elementor-section-content-middle elementor-section-boxed elementor-section-height-default elementor-section-height-default\" data-id=\"318d61b\" data-element_type=\"section\">\n\t\t\t\t\t\t<div class=\"elementor-container elementor-column-gap-no\">\n\t\t\t\t\t\t\t<div class=\"elementor-row\">\n\t\t\t\t\t<div class=\"aux-parallax-section elementor-column elementor-col-50 elementor-inner-column elementor-element elementor-element-4bd2612\" data-id=\"4bd2612\" data-element_type=\"column\">\n\t\t\t<div class=\"elementor-column-wrap elementor-element-populated\">\n\t\t\t\t\t\t\t<div class=\"elementor-widget-wrap\">\n\t\t\t\t\t\t<div class=\"elementor-element elementor-element-82bf8b8 aux-appear-watch-animation aux-fade-in-right-1 elementor-widget elementor-widget-aux_modern_heading\" data-id=\"82bf8b8\" data-element_type=\"widget\" data-widget_type=\"aux_modern_heading.default\">\n\t\t\t\t<div class=\"elementor-widget-container\">\n\t\t\t<section class=\"aux-widget-modern-heading\">\n            <div class=\"aux-widget-inner\"><h5 class=\"aux-modern-heading-primary\">Galer\u00eda<\/h5><h3 class=\"aux-modern-heading-secondary\"><span class=\"aux-head-before\">Soluciones<br><\/span><span class=\"aux-head-highlight\">Arquitect\u00f3nicas<br><\/span><span class=\"aux-head-after\">y T\u00e9cnicas<\/span><\/h3><\/div>\n        <\/section>\t\t<\/div>\n\t\t\t\t<\/div>\n\t\t\t\t\t\t<\/div>\n\t\t\t\t\t<\/div>\n\t\t<\/div>\n\t\t\t\t<div class=\"aux-parallax-section elementor-column elementor-col-50 elementor-inner-column elementor-element elementor-element-fdbc34f\" data-id=\"fdbc34f\" data-element_type=\"column\">\n\t\t\t<div class=\"elementor-column-wrap elementor-element-populated\">\n\t\t\t\t\t\t\t<div class=\"elementor-widget-wrap\">\n\t\t\t\t\t\t<div class=\"elementor-element elementor-element-d23831d aux-appear-watch-animation aux-fade-in-left-1 elementor-widget elementor-widget-aux_modern_heading\" data-id=\"d23831d\" data-element_type=\"widget\" data-widget_type=\"aux_modern_heading.default\">\n\t\t\t\t<div class=\"elementor-widget-container\">\n\t\t\t<section class=\"aux-widget-modern-heading\">\n            <div class=\"aux-widget-inner\"><h2 class=\"aux-modern-heading-primary\"><\/h2><div class=\"aux-modern-heading-description\"><p>Cada obra es \u00fanica para nosotros aplicando nuestros conocimientos t\u00e9cnicos a tus necesidades y adaptando los acabados para satisfacer las expectativas que te hagan disfrutar de un buen resultado final.<\/p><\/div><\/div>\n        <\/section>\t\t<\/div>\n\t\t\t\t<\/div>\n\t\t\t\t\t\t<\/div>\n\t\t\t\t\t<\/div>\n\t\t<\/div>\n\t\t\t\t\t\t\t\t<\/div>\n\t\t\t\t\t<\/div>\n\t\t<\/section>\n\t\t\t\t\t\t<\/div>\n\t\t\t\t\t<\/div>\n\t\t<\/div>\n\t\t\t\t\t\t\t\t<\/div>\n\t\t\t\t\t<\/div>\n\t\t<\/section>\n\t\t\t\t<section class=\"elementor-section elementor-top-section elementor-element elementor-element-11eeffe elementor-section-boxed elementor-section-height-default elementor-section-height-default\" data-id=\"11eeffe\" data-element_type=\"section\">\n\t\t\t\t\t\t<div class=\"elementor-container elementor-column-gap-default\">\n\t\t\t\t\t\t\t<div class=\"elementor-row\">\n\t\t\t\t\t<div class=\"aux-parallax-section elementor-column elementor-col-100 elementor-top-column elementor-element elementor-element-afc929a\" data-id=\"afc929a\" data-element_type=\"column\">\n\t\t\t<div class=\"elementor-column-wrap elementor-element-populated\">\n\t\t\t\t\t\t\t<div class=\"elementor-widget-wrap\">\n\t\t\t\t\t\t<div class=\"elementor-element elementor-element-ad921c4 elementor-widget elementor-widget-image-gallery\" data-id=\"ad921c4\" data-element_type=\"widget\" data-widget_type=\"image-gallery.default\">\n\t\t\t\t<div class=\"elementor-widget-container\">\n\t\t\t\t\t<div class=\"elementor-image-gallery\">\n\t\t\t\n\t\t<style type=\"text\/css\">\n\t\t\t#gallery-1 {\n\t\t\t\tmargin: auto;\n\t\t\t}\n\t\t\t#gallery-1 .gallery-item {\n\t\t\t\tfloat: left;\n\t\t\t\tmargin-top: 10px;\n\t\t\t\ttext-align: center;\n\t\t\t\twidth: 20%;\n\t\t\t}\n\t\t\t#gallery-1 img {\n\t\t\t\tborder: 2px solid #cfcfcf;\n\t\t\t}\n\t\t\t#gallery-1 .gallery-caption {\n\t\t\t\tmargin-left: 0;\n\t\t\t}\n\t\t\t\/* see gallery_shortcode() in wp-includes\/media.php *\/\n\t\t<\/style>\n\t\t<div id='gallery-1' class='gallery galleryid-231 gallery-columns-5 gallery-size-medium'><dl class='gallery-item'>\n\t\t\t<dt class='gallery-icon portrait'>\n\t\t\t\t<a data-elementor-open-lightbox=\"yes\" data-elementor-lightbox-slideshow=\"ad921c4\" data-elementor-lightbox-title=\"demo-attachment-52-volkan-vardar-y7RW7g2izy0-unsplash\" data-e-action-hash=\"#elementor-action%3Aaction%3Dlightbox%26settings%3DeyJpZCI6MTIyLCJ1cmwiOiJodHRwczpcL1wvYW50YWxiY24uY29tXC93cC1jb250ZW50XC91cGxvYWRzXC8yMDIwXC8xMFwvdm9sa2FuLXZhcmRhci15N1JXN2cyaXp5MC11bnNwbGFzaC5wbmciLCJzbGlkZXNob3ciOiJhZDkyMWM0In0%3D\" href='https:\/\/antalbcn.com\/wp-content\/uploads\/2020\/10\/volkan-vardar-y7RW7g2izy0-unsplash.png'><img loading=\"lazy\" decoding=\"async\" width=\"300\" height=\"300\" src=\"https:\/\/antalbcn.com\/wp-content\/uploads\/2020\/10\/volkan-vardar-y7RW7g2izy0-unsplash-300x300.png\" class=\"attachment-medium size-medium\" alt=\"\" srcset=\"https:\/\/antalbcn.com\/wp-content\/uploads\/2020\/10\/volkan-vardar-y7RW7g2izy0-unsplash-300x300.png 300w, https:\/\/antalbcn.com\/wp-content\/uploads\/2020\/10\/volkan-vardar-y7RW7g2izy0-unsplash-150x150.png 150w\" sizes=\"auto, (max-width: 300px) 100vw, 300px\" \/><\/a>\n\t\t\t<\/dt><\/dl><dl class='gallery-item'>\n\t\t\t<dt class='gallery-icon landscape'>\n\t\t\t\t<a data-elementor-open-lightbox=\"yes\" data-elementor-lightbox-slideshow=\"ad921c4\" data-elementor-lightbox-title=\"demo-attachment-638-thai-an-BE6CIwysCvU-unsplash\" data-e-action-hash=\"#elementor-action%3Aaction%3Dlightbox%26settings%3DeyJpZCI6MTA2LCJ1cmwiOiJodHRwczpcL1wvYW50YWxiY24uY29tXC93cC1jb250ZW50XC91cGxvYWRzXC8yMDIwXC8xMFwvdGhhaS1hbi1CRTZDSXd5c0N2VS11bnNwbGFzaC5wbmciLCJzbGlkZXNob3ciOiJhZDkyMWM0In0%3D\" href='https:\/\/antalbcn.com\/wp-content\/uploads\/2020\/10\/thai-an-BE6CIwysCvU-unsplash.png'><img loading=\"lazy\" decoding=\"async\" width=\"300\" height=\"300\" src=\"https:\/\/antalbcn.com\/wp-content\/uploads\/2020\/10\/thai-an-BE6CIwysCvU-unsplash-300x300.png\" class=\"attachment-medium size-medium\" alt=\"\" srcset=\"https:\/\/antalbcn.com\/wp-content\/uploads\/2020\/10\/thai-an-BE6CIwysCvU-unsplash-300x300.png 300w, https:\/\/antalbcn.com\/wp-content\/uploads\/2020\/10\/thai-an-BE6CIwysCvU-unsplash-150x150.png 150w\" sizes=\"auto, (max-width: 300px) 100vw, 300px\" \/><\/a>\n\t\t\t<\/dt><\/dl><dl class='gallery-item'>\n\t\t\t<dt class='gallery-icon portrait'>\n\t\t\t\t<a data-elementor-open-lightbox=\"yes\" data-elementor-lightbox-slideshow=\"ad921c4\" data-elementor-lightbox-title=\"demo-attachment-174-tim-durgan-2P3eh98tY2s-unsplash\" data-e-action-hash=\"#elementor-action%3Aaction%3Dlightbox%26settings%3DeyJpZCI6MTIxLCJ1cmwiOiJodHRwczpcL1wvYW50YWxiY24uY29tXC93cC1jb250ZW50XC91cGxvYWRzXC8yMDIwXC8xMFwvdGltLWR1cmdhbi0yUDNlaDk4dFkycy11bnNwbGFzaC5wbmciLCJzbGlkZXNob3ciOiJhZDkyMWM0In0%3D\" href='https:\/\/antalbcn.com\/wp-content\/uploads\/2020\/10\/tim-durgan-2P3eh98tY2s-unsplash.png'><img loading=\"lazy\" decoding=\"async\" width=\"300\" height=\"300\" src=\"https:\/\/antalbcn.com\/wp-content\/uploads\/2020\/10\/tim-durgan-2P3eh98tY2s-unsplash-300x300.png\" class=\"attachment-medium size-medium\" alt=\"\" srcset=\"https:\/\/antalbcn.com\/wp-content\/uploads\/2020\/10\/tim-durgan-2P3eh98tY2s-unsplash-300x300.png 300w, https:\/\/antalbcn.com\/wp-content\/uploads\/2020\/10\/tim-durgan-2P3eh98tY2s-unsplash-150x150.png 150w\" sizes=\"auto, (max-width: 300px) 100vw, 300px\" \/><\/a>\n\t\t\t<\/dt><\/dl><dl class='gallery-item'>\n\t\t\t<dt class='gallery-icon landscape'>\n\t\t\t\t<a data-elementor-open-lightbox=\"yes\" data-elementor-lightbox-slideshow=\"ad921c4\" data-elementor-lightbox-title=\"demo-attachment-651-ricardo-gomez-angel-U_riwEM5piM-unsplash\" data-e-action-hash=\"#elementor-action%3Aaction%3Dlightbox%26settings%3DeyJpZCI6MTA1LCJ1cmwiOiJodHRwczpcL1wvYW50YWxiY24uY29tXC93cC1jb250ZW50XC91cGxvYWRzXC8yMDIwXC8xMFwvcmljYXJkby1nb21lei1hbmdlbC1VX3Jpd0VNNXBpTS11bnNwbGFzaC5wbmciLCJzbGlkZXNob3ciOiJhZDkyMWM0In0%3D\" href='https:\/\/antalbcn.com\/wp-content\/uploads\/2020\/10\/ricardo-gomez-angel-U_riwEM5piM-unsplash.png'><img loading=\"lazy\" decoding=\"async\" width=\"300\" height=\"300\" src=\"https:\/\/antalbcn.com\/wp-content\/uploads\/2020\/10\/ricardo-gomez-angel-U_riwEM5piM-unsplash-300x300.png\" class=\"attachment-medium size-medium\" alt=\"\" srcset=\"https:\/\/antalbcn.com\/wp-content\/uploads\/2020\/10\/ricardo-gomez-angel-U_riwEM5piM-unsplash-300x300.png 300w, https:\/\/antalbcn.com\/wp-content\/uploads\/2020\/10\/ricardo-gomez-angel-U_riwEM5piM-unsplash-150x150.png 150w\" sizes=\"auto, (max-width: 300px) 100vw, 300px\" \/><\/a>\n\t\t\t<\/dt><\/dl><dl class='gallery-item'>\n\t\t\t<dt class='gallery-icon portrait'>\n\t\t\t\t<a data-elementor-open-lightbox=\"yes\" data-elementor-lightbox-slideshow=\"ad921c4\" data-elementor-lightbox-title=\"demo-attachment-1361-jason-leung-poI7DelFiVA-unsplash-1\" data-e-action-hash=\"#elementor-action%3Aaction%3Dlightbox%26settings%3DeyJpZCI6ODksInVybCI6Imh0dHBzOlwvXC9hbnRhbGJjbi5jb21cL3dwLWNvbnRlbnRcL3VwbG9hZHNcLzIwMjBcLzEwXC9qYXNvbi1sZXVuZy1wb0k3RGVsRmlWQS11bnNwbGFzaC0xLnBuZyIsInNsaWRlc2hvdyI6ImFkOTIxYzQifQ%3D%3D\" href='https:\/\/antalbcn.com\/wp-content\/uploads\/2020\/10\/jason-leung-poI7DelFiVA-unsplash-1.png'><img loading=\"lazy\" decoding=\"async\" width=\"300\" height=\"300\" src=\"https:\/\/antalbcn.com\/wp-content\/uploads\/2020\/10\/jason-leung-poI7DelFiVA-unsplash-1-300x300.png\" class=\"attachment-medium size-medium\" alt=\"\" srcset=\"https:\/\/antalbcn.com\/wp-content\/uploads\/2020\/10\/jason-leung-poI7DelFiVA-unsplash-1-300x300.png 300w, https:\/\/antalbcn.com\/wp-content\/uploads\/2020\/10\/jason-leung-poI7DelFiVA-unsplash-1-1024x1024.png 1024w, https:\/\/antalbcn.com\/wp-content\/uploads\/2020\/10\/jason-leung-poI7DelFiVA-unsplash-1-150x150.png 150w, https:\/\/antalbcn.com\/wp-content\/uploads\/2020\/10\/jason-leung-poI7DelFiVA-unsplash-1-768x768.png 768w\" sizes=\"auto, (max-width: 300px) 100vw, 300px\" \/><\/a>\n\t\t\t<\/dt><\/dl><br style=\"clear: both\" \/><dl class='gallery-item'>\n\t\t\t<dt class='gallery-icon landscape'>\n\t\t\t\t<a data-elementor-open-lightbox=\"yes\" data-elementor-lightbox-slideshow=\"ad921c4\" data-elementor-lightbox-title=\"demo-attachment-175-homeentrance02_03-12361\" data-e-action-hash=\"#elementor-action%3Aaction%3Dlightbox%26settings%3DeyJpZCI6MTIwLCJ1cmwiOiJodHRwczpcL1wvYW50YWxiY24uY29tXC93cC1jb250ZW50XC91cGxvYWRzXC8yMDIwXC8xMFwvaG9tZWVudHJhbmNlMDJfMDMtMTIzNjEucG5nIiwic2xpZGVzaG93IjoiYWQ5MjFjNCJ9\" href='https:\/\/antalbcn.com\/wp-content\/uploads\/2020\/10\/homeentrance02_03-12361.png'><img loading=\"lazy\" decoding=\"async\" width=\"300\" height=\"300\" src=\"https:\/\/antalbcn.com\/wp-content\/uploads\/2020\/10\/homeentrance02_03-12361-300x300.png\" class=\"attachment-medium size-medium\" alt=\"\" srcset=\"https:\/\/antalbcn.com\/wp-content\/uploads\/2020\/10\/homeentrance02_03-12361-300x300.png 300w, https:\/\/antalbcn.com\/wp-content\/uploads\/2020\/10\/homeentrance02_03-12361-150x150.png 150w\" sizes=\"auto, (max-width: 300px) 100vw, 300px\" \/><\/a>\n\t\t\t<\/dt><\/dl><dl class='gallery-item'>\n\t\t\t<dt class='gallery-icon landscape'>\n\t\t\t\t<a data-elementor-open-lightbox=\"yes\" data-elementor-lightbox-slideshow=\"ad921c4\" data-elementor-lightbox-title=\"demo-attachment-670-bckfwd-oB1EJLokN3E-unsplash\" data-e-action-hash=\"#elementor-action%3Aaction%3Dlightbox%26settings%3DeyJpZCI6MTA0LCJ1cmwiOiJodHRwczpcL1wvYW50YWxiY24uY29tXC93cC1jb250ZW50XC91cGxvYWRzXC8yMDIwXC8xMFwvYmNrZndkLW9CMUVKTG9rTjNFLXVuc3BsYXNoLnBuZyIsInNsaWRlc2hvdyI6ImFkOTIxYzQifQ%3D%3D\" href='https:\/\/antalbcn.com\/wp-content\/uploads\/2020\/10\/bckfwd-oB1EJLokN3E-unsplash.png'><img loading=\"lazy\" decoding=\"async\" width=\"300\" height=\"300\" src=\"https:\/\/antalbcn.com\/wp-content\/uploads\/2020\/10\/bckfwd-oB1EJLokN3E-unsplash-300x300.png\" class=\"attachment-medium size-medium\" alt=\"\" srcset=\"https:\/\/antalbcn.com\/wp-content\/uploads\/2020\/10\/bckfwd-oB1EJLokN3E-unsplash-300x300.png 300w, https:\/\/antalbcn.com\/wp-content\/uploads\/2020\/10\/bckfwd-oB1EJLokN3E-unsplash-150x150.png 150w\" sizes=\"auto, (max-width: 300px) 100vw, 300px\" \/><\/a>\n\t\t\t<\/dt><\/dl><dl class='gallery-item'>\n\t\t\t<dt class='gallery-icon portrait'>\n\t\t\t\t<a data-elementor-open-lightbox=\"yes\" data-elementor-lightbox-slideshow=\"ad921c4\" data-elementor-lightbox-title=\"demo-attachment-1362-meric-dagli-KgDkiEzx3cA-unsplash-1\" data-e-action-hash=\"#elementor-action%3Aaction%3Dlightbox%26settings%3DeyJpZCI6ODgsInVybCI6Imh0dHBzOlwvXC9hbnRhbGJjbi5jb21cL3dwLWNvbnRlbnRcL3VwbG9hZHNcLzIwMjBcLzEwXC9tZXJpYy1kYWdsaS1LZ0RraUV6eDNjQS11bnNwbGFzaC0xLnBuZyIsInNsaWRlc2hvdyI6ImFkOTIxYzQifQ%3D%3D\" href='https:\/\/antalbcn.com\/wp-content\/uploads\/2020\/10\/meric-dagli-KgDkiEzx3cA-unsplash-1.png'><img loading=\"lazy\" decoding=\"async\" width=\"300\" height=\"300\" src=\"https:\/\/antalbcn.com\/wp-content\/uploads\/2020\/10\/meric-dagli-KgDkiEzx3cA-unsplash-1-300x300.png\" class=\"attachment-medium size-medium\" alt=\"\" srcset=\"https:\/\/antalbcn.com\/wp-content\/uploads\/2020\/10\/meric-dagli-KgDkiEzx3cA-unsplash-1-300x300.png 300w, https:\/\/antalbcn.com\/wp-content\/uploads\/2020\/10\/meric-dagli-KgDkiEzx3cA-unsplash-1-1024x1024.png 1024w, https:\/\/antalbcn.com\/wp-content\/uploads\/2020\/10\/meric-dagli-KgDkiEzx3cA-unsplash-1-150x150.png 150w, https:\/\/antalbcn.com\/wp-content\/uploads\/2020\/10\/meric-dagli-KgDkiEzx3cA-unsplash-1-768x768.png 768w\" sizes=\"auto, (max-width: 300px) 100vw, 300px\" \/><\/a>\n\t\t\t<\/dt><\/dl><dl class='gallery-item'>\n\t\t\t<dt class='gallery-icon landscape'>\n\t\t\t\t<a data-elementor-open-lightbox=\"yes\" data-elementor-lightbox-slideshow=\"ad921c4\" data-elementor-lightbox-title=\"demo-attachment-712-jason-leung-poI7DelFiVA-unsplash\" data-e-action-hash=\"#elementor-action%3Aaction%3Dlightbox%26settings%3DeyJpZCI6MTAzLCJ1cmwiOiJodHRwczpcL1wvYW50YWxiY24uY29tXC93cC1jb250ZW50XC91cGxvYWRzXC8yMDIwXC8xMFwvamFzb24tbGV1bmctcG9JN0RlbEZpVkEtdW5zcGxhc2gucG5nIiwic2xpZGVzaG93IjoiYWQ5MjFjNCJ9\" href='https:\/\/antalbcn.com\/wp-content\/uploads\/2020\/10\/jason-leung-poI7DelFiVA-unsplash.png'><img loading=\"lazy\" decoding=\"async\" width=\"300\" height=\"300\" src=\"https:\/\/antalbcn.com\/wp-content\/uploads\/2020\/10\/jason-leung-poI7DelFiVA-unsplash-300x300.png\" class=\"attachment-medium size-medium\" alt=\"\" srcset=\"https:\/\/antalbcn.com\/wp-content\/uploads\/2020\/10\/jason-leung-poI7DelFiVA-unsplash-300x300.png 300w, https:\/\/antalbcn.com\/wp-content\/uploads\/2020\/10\/jason-leung-poI7DelFiVA-unsplash-150x150.png 150w\" sizes=\"auto, (max-width: 300px) 100vw, 300px\" \/><\/a>\n\t\t\t<\/dt><\/dl><dl class='gallery-item'>\n\t\t\t<dt class='gallery-icon landscape'>\n\t\t\t\t<a data-elementor-open-lightbox=\"yes\" data-elementor-lightbox-slideshow=\"ad921c4\" data-elementor-lightbox-title=\"demo-attachment-249-connor-wang-MNz7IGrcEl0-unsplash\" data-e-action-hash=\"#elementor-action%3Aaction%3Dlightbox%26settings%3DeyJpZCI6MTE5LCJ1cmwiOiJodHRwczpcL1wvYW50YWxiY24uY29tXC93cC1jb250ZW50XC91cGxvYWRzXC8yMDIwXC8xMFwvY29ubm9yLXdhbmctTU56N0lHcmNFbDAtdW5zcGxhc2gucG5nIiwic2xpZGVzaG93IjoiYWQ5MjFjNCJ9\" href='https:\/\/antalbcn.com\/wp-content\/uploads\/2020\/10\/connor-wang-MNz7IGrcEl0-unsplash.png'><img loading=\"lazy\" decoding=\"async\" width=\"300\" height=\"300\" src=\"https:\/\/antalbcn.com\/wp-content\/uploads\/2020\/10\/connor-wang-MNz7IGrcEl0-unsplash-300x300.png\" class=\"attachment-medium size-medium\" alt=\"\" srcset=\"https:\/\/antalbcn.com\/wp-content\/uploads\/2020\/10\/connor-wang-MNz7IGrcEl0-unsplash-300x300.png 300w, https:\/\/antalbcn.com\/wp-content\/uploads\/2020\/10\/connor-wang-MNz7IGrcEl0-unsplash-150x150.png 150w\" sizes=\"auto, (max-width: 300px) 100vw, 300px\" \/><\/a>\n\t\t\t<\/dt><\/dl><br style=\"clear: both\" \/>\n\t\t<\/div>\n\t\t<\/div>\n\t\t\t\t<\/div>\n\t\t\t\t<\/div>\n\t\t\t\t\t\t<\/div>\n\t\t\t\t\t<\/div>\n\t\t<\/div>\n\t\t\t\t\t\t\t\t<\/div>\n\t\t\t\t\t<\/div>\n\t\t<\/section>\n\t\t\t\t\t\t\t\t\t<\/div>\n\t\t\t<\/div>\n\t\t\t\t\t<\/div>","protected":false},"excerpt":{"rendered":"<p>Galer\u00eda SolucionsArquitect\u00f3niquesi T\u00e9cniques Cada obra es \u00fanica per nosaltres, aplicant els nostres coneixements t\u00e8cnics a les teves necessitats i adaptant els acabats per satisfer les expectatives que et facin gaudir d&#8217;un bon resultat final.<\/p>","protected":false},"author":1,"featured_media":0,"parent":0,"menu_order":0,"comment_status":"closed","ping_status":"closed","template":"templates\/page-builder-content.php","meta":{"footnotes":""},"class_list":["post-231","page","type-page","status-publish","hentry"],"yoast_head":"<!-- This site is optimized with the Yoast SEO plugin v20.10 - https:\/\/yoast.com\/wordpress\/plugins\/seo\/ -->\n<title>Galer\u00eda - Antal rehabilitaci\u00f3 i Arquitectura t\u00e9cnica<\/title>\n<meta name=\"robots\" content=\"index, follow, max-snippet:-1, max-image-preview:large, max-video-preview:-1\" \/>\n<link rel=\"canonical\" href=\"https:\/\/antalbcn.com\/es\/galeria\/\" \/>\n<meta property=\"og:locale\" content=\"es_ES\" \/>\n<meta property=\"og:type\" content=\"article\" \/>\n<meta property=\"og:title\" content=\"Galer\u00eda - Antal rehabilitaci\u00f3 i Arquitectura t\u00e9cnica\" \/>\n<meta property=\"og:description\" content=\"Galer\u00eda SolucionsArquitect\u00f3niquesi T\u00e9cniques Cada obra es \u00fanica per nosaltres, aplicant els nostres coneixements t\u00e8cnics a les teves necessitats i adaptant els acabats per satisfer les expectatives que et facin gaudir d&#8217;un bon resultat final.\" \/>\n<meta property=\"og:url\" content=\"https:\/\/antalbcn.com\/es\/galeria\/\" \/>\n<meta property=\"og:site_name\" content=\"Antal rehabilitaci\u00f3 i Arquitectura t\u00e9cnica\" \/>\n<meta property=\"article:modified_time\" content=\"2023-04-28T08:26:52+00:00\" \/>\n<meta property=\"og:image\" content=\"https:\/\/antalbcn.com\/wp-content\/uploads\/2020\/10\/volkan-vardar-y7RW7g2izy0-unsplash-300x300.png\" \/>\n<meta name=\"twitter:card\" content=\"summary_large_image\" \/>\n<script type=\"application\/ld+json\" class=\"yoast-schema-graph\">{\"@context\":\"https:\/\/schema.org\",\"@graph\":[{\"@type\":\"WebPage\",\"@id\":\"https:\/\/antalbcn.com\/galeria\/\",\"url\":\"https:\/\/antalbcn.com\/galeria\/\",\"name\":\"Galer\u00eda - Antal rehabilitaci\u00f3 i Arquitectura t\u00e9cnica\",\"isPartOf\":{\"@id\":\"https:\/\/antalbcn.com\/#website\"},\"datePublished\":\"2023-04-28T08:20:34+00:00\",\"dateModified\":\"2023-04-28T08:26:52+00:00\",\"breadcrumb\":{\"@id\":\"https:\/\/antalbcn.com\/galeria\/#breadcrumb\"},\"inLanguage\":\"es\",\"potentialAction\":[{\"@type\":\"ReadAction\",\"target\":[\"https:\/\/antalbcn.com\/galeria\/\"]}]},{\"@type\":\"BreadcrumbList\",\"@id\":\"https:\/\/antalbcn.com\/galeria\/#breadcrumb\",\"itemListElement\":[{\"@type\":\"ListItem\",\"position\":1,\"name\":\"Portada\",\"item\":\"https:\/\/antalbcn.com\/\"},{\"@type\":\"ListItem\",\"position\":2,\"name\":\"Galer\u00eda\"}]},{\"@type\":\"WebSite\",\"@id\":\"https:\/\/antalbcn.com\/#website\",\"url\":\"https:\/\/antalbcn.com\/\",\"name\":\"Antal rehabilitaci\u00f3 i Arquitectura t\u00e9cnica\",\"description\":\"Projectes, Solucions Constructives , Arquitectura T\u00e8cnica ,ITE, Subvencions\",\"publisher\":{\"@id\":\"https:\/\/antalbcn.com\/#organization\"},\"potentialAction\":[{\"@type\":\"SearchAction\",\"target\":{\"@type\":\"EntryPoint\",\"urlTemplate\":\"https:\/\/antalbcn.com\/?s={search_term_string}\"},\"query-input\":\"required name=search_term_string\"}],\"inLanguage\":\"es\"},{\"@type\":\"Organization\",\"@id\":\"https:\/\/antalbcn.com\/#organization\",\"name\":\"Antal rehabilitaci\u00f3 i Arquitectura t\u00e9cnica\",\"url\":\"https:\/\/antalbcn.com\/\",\"logo\":{\"@type\":\"ImageObject\",\"inLanguage\":\"es\",\"@id\":\"https:\/\/antalbcn.com\/#\/schema\/logo\/image\/\",\"url\":\"https:\/\/antalbcn.com\/wp-content\/uploads\/2023\/06\/pp.png\",\"contentUrl\":\"https:\/\/antalbcn.com\/wp-content\/uploads\/2023\/06\/pp.png\",\"width\":913,\"height\":100,\"caption\":\"Antal rehabilitaci\u00f3 i Arquitectura t\u00e9cnica\"},\"image\":{\"@id\":\"https:\/\/antalbcn.com\/#\/schema\/logo\/image\/\"}}]}<\/script>\n<!-- \/ Yoast SEO plugin. -->","yoast_head_json":{"title":"Galer\u00eda - Antal rehabilitaci\u00f3 i Arquitectura t\u00e9cnica","robots":{"index":"index","follow":"follow","max-snippet":"max-snippet:-1","max-image-preview":"max-image-preview:large","max-video-preview":"max-video-preview:-1"},"canonical":"https:\/\/antalbcn.com\/es\/galeria\/","og_locale":"es_ES","og_type":"article","og_title":"Galer\u00eda - Antal rehabilitaci\u00f3 i Arquitectura t\u00e9cnica","og_description":"Galer\u00eda SolucionsArquitect\u00f3niquesi T\u00e9cniques Cada obra es \u00fanica per nosaltres, aplicant els nostres coneixements t\u00e8cnics a les teves necessitats i adaptant els acabats per satisfer les expectatives que et facin gaudir d&#8217;un bon resultat final.","og_url":"https:\/\/antalbcn.com\/es\/galeria\/","og_site_name":"Antal rehabilitaci\u00f3 i Arquitectura t\u00e9cnica","article_modified_time":"2023-04-28T08:26:52+00:00","og_image":[{"url":"https:\/\/antalbcn.com\/wp-content\/uploads\/2020\/10\/volkan-vardar-y7RW7g2izy0-unsplash-300x300.png"}],"twitter_card":"summary_large_image","schema":{"@context":"https:\/\/schema.org","@graph":[{"@type":"WebPage","@id":"https:\/\/antalbcn.com\/galeria\/","url":"https:\/\/antalbcn.com\/galeria\/","name":"Galer\u00eda - Antal rehabilitaci\u00f3 i Arquitectura t\u00e9cnica","isPartOf":{"@id":"https:\/\/antalbcn.com\/#website"},"datePublished":"2023-04-28T08:20:34+00:00","dateModified":"2023-04-28T08:26:52+00:00","breadcrumb":{"@id":"https:\/\/antalbcn.com\/galeria\/#breadcrumb"},"inLanguage":"es","potentialAction":[{"@type":"ReadAction","target":["https:\/\/antalbcn.com\/galeria\/"]}]},{"@type":"BreadcrumbList","@id":"https:\/\/antalbcn.com\/galeria\/#breadcrumb","itemListElement":[{"@type":"ListItem","position":1,"name":"Portada","item":"https:\/\/antalbcn.com\/"},{"@type":"ListItem","position":2,"name":"Galer\u00eda"}]},{"@type":"WebSite","@id":"https:\/\/antalbcn.com\/#website","url":"https:\/\/antalbcn.com\/","name":"Antal rehabilitaci\u00f3 i Arquitectura t\u00e9cnica","description":"Projectes, Solucions Constructives , Arquitectura T\u00e8cnica ,ITE, Subvencions","publisher":{"@id":"https:\/\/antalbcn.com\/#organization"},"potentialAction":[{"@type":"SearchAction","target":{"@type":"EntryPoint","urlTemplate":"https:\/\/antalbcn.com\/?s={search_term_string}"},"query-input":"required name=search_term_string"}],"inLanguage":"es"},{"@type":"Organization","@id":"https:\/\/antalbcn.com\/#organization","name":"Antal rehabilitaci\u00f3 i Arquitectura t\u00e9cnica","url":"https:\/\/antalbcn.com\/","logo":{"@type":"ImageObject","inLanguage":"es","@id":"https:\/\/antalbcn.com\/#\/schema\/logo\/image\/","url":"https:\/\/antalbcn.com\/wp-content\/uploads\/2023\/06\/pp.png","contentUrl":"https:\/\/antalbcn.com\/wp-content\/uploads\/2023\/06\/pp.png","width":913,"height":100,"caption":"Antal rehabilitaci\u00f3 i Arquitectura t\u00e9cnica"},"image":{"@id":"https:\/\/antalbcn.com\/#\/schema\/logo\/image\/"}}]}},"_links":{"self":[{"href":"https:\/\/antalbcn.com\/es\/wp-json\/wp\/v2\/pages\/231","targetHints":{"allow":["GET"]}}],"collection":[{"href":"https:\/\/antalbcn.com\/es\/wp-json\/wp\/v2\/pages"}],"about":[{"href":"https:\/\/antalbcn.com\/es\/wp-json\/wp\/v2\/types\/page"}],"author":[{"embeddable":true,"href":"https:\/\/antalbcn.com\/es\/wp-json\/wp\/v2\/users\/1"}],"replies":[{"embeddable":true,"href":"https:\/\/antalbcn.com\/es\/wp-json\/wp\/v2\/comments?post=231"}],"version-history":[{"count":22,"href":"https:\/\/antalbcn.com\/es\/wp-json\/wp\/v2\/pages\/231\/revisions"}],"predecessor-version":[{"id":254,"href":"https:\/\/antalbcn.com\/es\/wp-json\/wp\/v2\/pages\/231\/revisions\/254"}],"wp:attachment":[{"href":"https:\/\/antalbcn.com\/es\/wp-json\/wp\/v2\/media?parent=231"}],"curies":[{"name":"wp","href":"https:\/\/api.w.org\/{rel}","templated":true}]}}